{"id":24,"date":"2016-10-06T20:12:10","date_gmt":"2016-10-06T18:12:10","guid":{"rendered":"http:\/\/cevenat.com\/?page_id=24"},"modified":"2024-11-27T18:02:57","modified_gmt":"2024-11-27T17:02:57","slug":"stages","status":"publish","type":"page","link":"https:\/\/www.cevenat.fr\/index.php\/stages\/","title":{"rendered":"Stages"},"content":{"rendered":"<p align=\"center\"><span style=\"color: #ffff00; font-size: 14pt;\"><strong>Pages d&rsquo;information sur les conf\u00e9rences et stages d&rsquo;aromath\u00e9rapie que nous organisons:<\/strong><\/span><\/p>\n<p align=\"center\"><span style=\"font-size: large;\"><a href=\"http:\/\/www.cevenat.fr\/index.php\/planning\/\">Les prochains stages.<\/a><br \/>\n<\/span><\/p>\n<p align=\"center\"><span style=\"font-size: large;\">Pour 2025:<br \/>\nPas de stages, sauf si des groupes de minimum 10 personnes veulent organiser un stage: nous contacter, voir les modules typiques des stages. Nous avons par exemple eu un groupe de coiffeurs\/coiffeuses en 2023 et donn\u00e9 un stage \u00e0 la demande.<\/span><\/p>\n<p>Aper\u00e7u des diff\u00e9rents modules de conf\u00e9rences et stages (d\u00e9tails: voir \u00ab\u00a0Les prochains stages\u00a0\u00bb)<\/p>\n<p><span style=\"font-size: large;\">Quelques images des cours et stages<\/span><\/p>\n<p><strong><u>Inscriptions :<\/u><\/strong><br \/>\n<em><span style=\"font-size: large;\">Michel Vanhove, Hilde Bovijn<br \/>\n<strong>Cevenat sarl<\/strong><br \/>\nLa Castagnade<br \/>\n48110 Le Pompidou<br \/>\nFrance<br \/>\n<\/span><\/em><a href=\"mailto:michel@nature-helps.org\"><span style=\"font-size: large;\">info@cevenat.fr<\/span><\/a><\/p>\n<p><span style=\"color: #ffff00; font-size: x-large;\">Tel 06 63 22 84 05<\/span><\/p>\n","protected":false},"excerpt":{"rendered":"<p>Pages d&rsquo;information sur les conf\u00e9rences et stages d&rsquo;aromath\u00e9rapie que nous organisons: Les prochains stages. Pour 2025: Pas de stages, sauf si des groupes de minimum 10 personnes veulent organiser un stage: nous contacter, voir les modules typiques des stages. Nous avons par exemple eu un groupe de coiffeurs\/coiffeuses en 2023 et donn\u00e9 un stage \u00e0 &hellip; <a href=\"https:\/\/www.cevenat.fr\/index.php\/stages\/\" class=\"more-link\">Continuer la lecture<span class=\"screen-reader-text\"> de &laquo;&nbsp;Stages&nbsp;&raquo;<\/span><\/a><\/p>\n","protected":false},"author":1,"featured_media":0,"parent":0,"menu_order":0,"comment_status":"closed","ping_status":"closed","template":"","meta":{"footnotes":""},"class_list":["post-24","page","type-page","status-publish","hentry"],"_links":{"self":[{"href":"https:\/\/www.cevenat.fr\/index.php\/wp-json\/wp\/v2\/pages\/24","targetHints":{"allow":["GET"]}}],"collection":[{"href":"https:\/\/www.cevenat.fr\/index.php\/wp-json\/wp\/v2\/pages"}],"about":[{"href":"https:\/\/www.cevenat.fr\/index.php\/wp-json\/wp\/v2\/types\/page"}],"author":[{"embeddable":true,"href":"https:\/\/www.cevenat.fr\/index.php\/wp-json\/wp\/v2\/users\/1"}],"replies":[{"embeddable":true,"href":"https:\/\/www.cevenat.fr\/index.php\/wp-json\/wp\/v2\/comments?post=24"}],"version-history":[{"count":11,"href":"https:\/\/www.cevenat.fr\/index.php\/wp-json\/wp\/v2\/pages\/24\/revisions"}],"predecessor-version":[{"id":1148,"href":"https:\/\/www.cevenat.fr\/index.php\/wp-json\/wp\/v2\/pages\/24\/revisions\/1148"}],"wp:attachment":[{"href":"https:\/\/www.cevenat.fr\/index.php\/wp-json\/wp\/v2\/media?parent=24"}],"curies":[{"name":"wp","href":"https:\/\/api.w.org\/{rel}","templated":true}]}}