{"id":79,"date":"2016-10-07T14:42:38","date_gmt":"2016-10-07T12:42:38","guid":{"rendered":"http:\/\/cevenat.com\/?page_id=79"},"modified":"2016-10-19T20:55:51","modified_gmt":"2016-10-19T18:55:51","slug":"mode-demploi","status":"publish","type":"page","link":"http:\/\/www.cevenat.fr\/index.php\/mode-demploi\/","title":{"rendered":"Mode d&#8217;emploi"},"content":{"rendered":"<div id=\"dnn_ctr357_ModuleContent\">\n<div id=\"dnn_ctr357_HtmlModule_lblContent\" class=\"Normal\">\n<table border=\"0\" cellspacing=\"2\" cellpadding=\"2\">\n<tbody>\n<tr>\n<td><img loading=\"lazy\" decoding=\"async\" class=\"alignnone size-full wp-image-80\" src=\"http:\/\/cevenat.com\/wp-content\/uploads\/2016\/10\/logo1.jpg\" alt=\"logo1\" width=\"60\" height=\"44\" \/><\/td>\n<td><span style=\"font-size: xx-large;\"><u>Mode d&#8217;emploi :<\/u><\/span><\/td>\n<\/tr>\n<\/tbody>\n<\/table>\n<\/div>\n<\/div>\n<p><span id=\"dnn_ctr357_ContentPane\" class=\"DNNAlignleft\"><\/span> <a name=\"359\"><\/a><\/p>\n<div id=\"dnn_ctr359_ModuleContent\">\n<div id=\"dnn_ctr359_HtmlModule_lblContent\" class=\"Normal\">\n<p><span style=\"color: #ffff00;\"><strong><u><span style=\"font-size: x-large;\">La pratique de l&rsquo;aromath\u00e9rapie :<\/span><\/u><\/strong><\/span><\/p>\n<p>L&#8217;emploi des huiles essentielles n\u00e9cessite le respect de certaines r\u00e8gles de base.<\/p>\n<p>1 &#8211; Etant tr\u00e8s concentr\u00e9es, les huiles essentielles doivent \u00eatre dilu\u00e9es dans une substance ad\u00e9quate dans toutes les formes d&rsquo;utilisation, interne ou externe.<\/p>\n<p>2 &#8211; Etant de consistance huileuse, elles ne se m\u00e9langent pas \u00e0 l&rsquo;eau ou \u00e0 un liquide aqueux, il faut donc utiliser un \u00e9mulsifiant naturel (qui a la facult\u00e9 de permettre de m\u00e9langer intimement l&rsquo;huile et l&rsquo;eau en cr\u00e9ant une \u00e9mulsion). Selon les usages, les suivants peuvent \u00eatre utilis\u00e9s: le \u00ab\u00a0dis\u00adper\u00a0\u00bb*, \u00e9mulsifiant \u00e0 base de cellules v\u00e9g\u00e9tales, l&rsquo;alcool de 70 \u00e0 95\u00b0, les huiles v\u00e9g\u00e9tales, le miel, le yaourt&#8230;<\/p>\n<p>Pr\u00e9cautions:<\/p>\n<p>-Aucune huile essentielle, quelle qu&rsquo;elle soit, ne doit entrer en contact avec les yeux. Il faut faire attention \u00e0 ne pas se toucher les yeux apr\u00e8s avoir mis des huiles essentielles sur ses doigts. Particuli\u00e8rement avec les enfants, il faut \u00eatre vigilant \u00e0 cet \u00e9gard. Le contact des huiles essentielles avec les yeux peut provoquer des irritations douloureuses.<\/p>\n<p>-Ne mettez jamais des huiles essentielles pures dans les oreilles!<\/p>\n<p>-Tenez les huiles essentielles hors de port\u00e9 des enfants et de toutes personnes n&rsquo;ayant plus les moyens normaux de discernement (vieillards etc).<\/p>\n<p>-Par voie orale: ne jamais prendre plus de 3 \u00e0 5 gouttes par jour, et dans un temps limit\u00e9 (en g\u00e9n\u00e9ral quelques jours, au maximum 15 jours), sinon en consultation avec un naturopathe ou m\u00e9decin aromath\u00e9rapeute.<\/p>\n<p>-Ne mettez jamais des huiles essentielles pures dans votre bain, sans conna\u00eetre les \u00e9ventuelles contre-indications:<\/p>\n<p>les huiles essentielles des citrus (orange, citron, pamplemousse etc) sont tr\u00e8s irritantes dans l&rsquo;eau.<\/p>\n<p>L&rsquo;huile essentielle de menthe, mise dans le bain refroidit le corps tellement vite qu&rsquo;un choc de froid dangereux est possible.<\/p>\n<p>Les huiles ph\u00e9nole\u00e9s (sarriette, thym thymol et carvacrol), puis les cannelles et le clou de girofle sont tr\u00e8s irritantes dans le bain. Il faut donc agir prudemment : en g\u00e9n\u00e9ral les huiles pour les bains seront m\u00e9lang\u00e9es dans du savon liquide, du miel ou d&rsquo;autres produits \u00e9mulsifiants pour diluer les huiles.<\/p>\n<p>Certaines huiles essentielles ont des propri\u00e9t\u00e9s photosensibilisantes et leur emploi sur la peau doit \u00eatre \u00e9vit\u00e9 de m\u00eame que sur les parties du corps expos\u00e9es au soleil: tous les citrus et en particulier la bergamote non rectifi\u00e9, l&rsquo;ang\u00e9lique.<\/p>\n<p>*Le disper est un \u00e9mulsifiant mis au point par un laboratoire suisse et test\u00e9 avec succ\u00e8s depuis plusieurs ann\u00e9es par des aromath\u00e9rapeutes.<\/p>\n<p><strong><span style=\"font-size: large;\">Quelques abr\u00e9viations et mesures:<\/span><\/strong><\/p>\n<p>H.E.: huile essentielle<\/p>\n<p>cc : un centim\u00e8tre cube<\/p>\n<p>gtte : une goutte<\/p>\n<p>Pour l&rsquo;eau : 1 cc = 1 g<\/p>\n<p>Pour les H.E. : 1 cc = l\u00e9g\u00e8rement moins de 1 g.<\/p>\n<p>Il faut entre 20 et 35 gttes selon les huiles essentielles pour obtenir un cc. En effet, les huiles essentielles tr\u00e8s fluides correspondent environ \u00e0 35 gttes pour 1 cc (l&rsquo;eau et l&rsquo;alcool font entre 35 et 40 gttes pour un cc). Les huiles essentielles peu fluides donnent environ 20 gttes pour 1 cc. Il peut y avoir des variations selon la temp\u00e9rature, selon les huiles essentielles et aussi selon les types de compte-gouttes. Quelques huiles essentielles sont de consistance visqueuse et ne passent pas ou difficilement \u00e0 tra\u00advers un compte-gouttes (V\u00e9tiver, Santal,&#8230;). D&rsquo;autres encore, obtenues \u00e0 partir d&rsquo;ol\u00e9or\u00e9sine se pr\u00e9sentent sous forme de baume ou de solide (Encens, Benjoin, Born\u00e9ol,&#8230;).<\/p>\n<p>D&rsquo;une mani\u00e8re g\u00e9n\u00e9rale, on peut dire que 1 cc ou 1 g correspond en moyenne \u00e0 20 gouttes d&rsquo;huile essentielle.<\/p>\n<p><span style=\"color: #ffff00; font-size: large;\"><strong>Usage externe:<\/strong><\/span><\/p>\n<p><strong>1. Inhalation<br \/>\n<\/strong><br \/>\nSimple et efficace dans les cas de bronchite, sinusite, rhinite, etc&#8230; Mettre 2 \u00e0 3 gouttes de pin sylvestre, hysope montana, niaouli dans un bol d&rsquo;eau bien chaude mais non bouillante. On inhale la vapeur en se couvrant la t\u00eate d&rsquo;une serviette. La fumiga\u00adtion doit durer 10 \u00e0 15 minutes pour \u00eatre efficace. R\u00e9p\u00e9ter cela 2 \u00e0 3 fois par jour.<\/p>\n<p><strong>2. Compresse ou masque d&rsquo;argile<\/strong><\/p>\n<p>Remplir un demi-bol d&rsquo;argile verte, \u00e0 laquelle on ajoutera une tisane de son choix jusqu&rsquo;\u00e0 recouvrir l&rsquo;argile. Laisser reposer quelques heures si possible au soleil, puis ajouter 5 \u00e0 15 gouttes d&rsquo;huiles essentielles, selon les soins, et bien brasser. Appliquer une fine couche et laisser Laver et mettre une huile de massage. Excellant pour les soins du visage et de la peau, mais aussi pour les contusions ou les foulures. Dans ce cas, ajouter \u00e0 l&rsquo;argile quelques gouttes de h.e de thym linalol ou de l&rsquo;hysope montana., quelques gouttes de geni\u00e8vre ou quelques gouttes de romarin. Bien brasser et appliquer en entourant \u00e9ventuellement d&rsquo;une bande. Renouveler 2 \u00e0 3 fois par jour pendant quelques jours.<\/p>\n<p><strong>3.Huile de massage:<\/strong><\/p>\n<p>Une huile de massage et d&rsquo;hygi\u00e8ne se compose d&rsquo;une ou de plusieurs huiles v\u00e9g\u00e9tales favorables \u00e0 l&rsquo;\u00e9piderme (huile d&rsquo;avocat, huile d&rsquo;amande douce, huile de jojoba etc) et de 3 \u00e0 10% d&rsquo;huiles essentielles de votre choix.<\/p>\n<p>Pour le visage on conseille en g\u00e9n\u00e9ral pas plus de 1 \u00e0 3 % de h.e, pour le corps les doses vont, selon les huiles essentielles employ\u00e9es de 5 \u00e0 10%.<\/p>\n<p><strong>4. Les bains aromatis\u00e9s:<\/strong><\/p>\n<p>Ajouter dans un bain complet 5 \u00e0 10 gouttes d&rsquo;huiles essentielles au total, et en g\u00e9n\u00e9ral 5 gouttes pour un bain de mains ou de pieds. Bien agiter l&rsquo;eau du bain car les huiles essentielles se m\u00e9langent mal \u00e0 l&rsquo;eau ou les ajouter dans une lotion de bain contenant un \u00e9mulsifiant.<\/p>\n<p><strong>5.Soins des cheveux et shampooings :<\/strong><\/p>\n<p>Ajouter \u00e0 votre shampooing habituel ou \u00e0 un shampooing doux pour b\u00e9b\u00e9, entre I et 3% d&rsquo;huiles essentielles selon l&rsquo;\u00e9tat de vos cheveux<\/p>\n<p>&#8211; cheveux gras: h.e de c\u00e8dre, lavande, citron, pin.<\/p>\n<p>cheveux secs : h.e de romarin, serpolet, g\u00e9ranium, ylang.<\/p>\n<p>&#8211; cheveux normaux : h. e de sauge off., thym.<\/p>\n<p>&#8211; cheveux \u00e0 pellicules h.e de lavande et de cade (0,5%).<\/p>\n<p>&#8211; cheveux blonds : h. e de camomille, citron.<\/p>\n<p>&#8211; contre les poux, les lentes, la pelade (pour les humains et les ani\u00admaux) : h.e de lavande, menthe, cade.<\/p>\n<p><strong>6. Diffusion des essences aromatiques v\u00e9g\u00e9tales:<\/strong><\/p>\n<p>L&rsquo;\u00e9vaporation<\/p>\n<p>Il existe diff\u00e9rentes mani\u00e8res d&rsquo;\u00e9vaporer les essences v\u00e9g\u00e9tales :<\/p>\n<p>quelques gouttes dans un humidificateur ou dans un diffuseur en terre ou plus simplement en mettant quelques gouttes<\/p>\n<p>sur l&rsquo;oreiller, le tapis, le mouchoir<\/p>\n<p><strong>Diffusion<\/strong><\/p>\n<p>Les diffuseurs \u00e9lectriques d&rsquo;ar\u00f4mes produisent des a\u00e9rosols v\u00e9rita\u00adbles, sans chauffer, ni utiliser de gaz auxiliaires,. Un bon diffuseur a la capacit\u00e9 de diffuser les huiles essentielles telles une petite fum\u00e9e, en multipliant ainsi des dizaines de milliers de fois la surface de contact ionisante et aromatique.<\/p>\n<p>Ainsi diffus\u00e9es, les huiles atteignent \u00e9galement les moindres recoins des lieux qu&rsquo;elles d\u00e9sin\u00adfectent. Ceci est particuli\u00e8rement int\u00e9ressant lors des \u00e9pid\u00e9mies ou de maladies contagieuses, mais aussi et surtout pour des personnes souffrant d&rsquo;allergies.<\/p>\n<p>Notons que la valeur th\u00e9rapeutique est nettement sup\u00e9rieure compar\u00e9e aux huiles chauff\u00e9es dans de l&rsquo;eau bouillante.<\/p>\n<p><span style=\"color: #ffff00;\"><strong><span style=\"font-size: large;\">Usage interne:<\/span><\/strong><\/span><\/p>\n<p>L&rsquo;absorption des huiles essentielles par la bouche est la voie la plus rapide et la plus efficace, mais aussi la plus d\u00e9licate. Chaque personne pr\u00e9sentant une sensibilit\u00e9 et une r\u00e9ceptivit\u00e9 qui lui sont propres, il convient de toujours commencer par des doses faibles, d&rsquo;observer les effets et de passer \u00e9ventuellement \u00e0 des doses moyennes ensuite.<\/p>\n<p><strong>R\u00e8gles:<\/strong><\/p>\n<p>La mani\u00e8re la plus efficace d&rsquo;absorber les huiles essentielles est de faire la pr\u00e9paration suivante:<\/p>\n<p>1) choisir une, deux ou trois huiles essentielles correspondants \u00e0 nos sympt\u00f4mes.<\/p>\n<p>S&rsquo;en mouiller le bout du doigt et mettre le doigt sur la langue (attention aux huiles tr\u00e8s puissantes et br\u00fblantes telles que les sarriettes et les thyms!)<\/p>\n<p>2) remplir un flacon compte-gouttes au<\/p>\n<p>&#8211; a) 1\/10 de sa contenance avec la ou les huiles essentielles choisies.<\/p>\n<p>&#8211; b) 9\/10 de sa contenance avec un \u00e9mulsifiant (du \u00abdisper\u00bb ou de l&rsquo;alcool pur de pharmacie \u00e0 95\u00b0 )<\/p>\n<p>&#8211; c) agiter \u00e9nergiquement afin de bien m\u00e9langer, et \u00e9mulsionner le contenu.<\/p>\n<p>De ce m\u00e9lange on prendra de 8 \u00e0 15 gouttes dans un verre d&rsquo;eau ou de tisane, deux, trois ou quatre fois par jour selon la gravit\u00e9 des cas.<\/p>\n<p>Enfin, certaines personnes sensibles au go\u00fbt trouvent la dilution avec de l&rsquo;eau trop forte. On peut alors m\u00e9langer les huiles essentielles dans du miel. Les huiles essentielles peuvent aussi \u00eatre prises avec des teintures m\u00e8res au lieu de les m\u00e9langer dans de l&rsquo;alcool.<\/p>\n<p><span style=\"color: #ffff00; font-size: x-large;\"><strong>R\u00e9sum\u00e9 des applications principales de quelques HE:<\/strong><\/span><\/p>\n<p><span style=\"color: #ffff00;\"><strong><u>Voies respiratoires:<\/u><\/strong><\/span><\/p>\n<p>ANIS, pimpinella anisum, fruit (M\/I)<\/p>\n<p>CAJEPUT, melaleuca leucadendron, feuille (D\/M\/I)<\/p>\n<p>CYPRES, cupressus sempervirens, branches + feuille (M)<\/p>\n<p>EUCALYPTUS, eucalyptus globulus, feuille (D\/I)<\/p>\n<p>EUCALYPTUS, eucalyptus radiata, feuille (D\/B\/M\/I)<\/p>\n<p>HYSOPE, hyssopus montana\/decumbens, plante (M,V)<\/p>\n<p>NIAOULI, melaleuca viridiflora, feuille (D\/I)<\/p>\n<p>PIN BAUMIER, abies balsamea, feuille (D\/B\/I)<\/p>\n<p>PIN SYLVESTRE, pinus sylvestris, branches + feuille (D\/B\/M\/I)<\/p>\n<p>RAVENSARA, ravensara aromatica, feuille (D\/I)<\/p>\n<p>THYM (jaune), thymus vulgaris ct. linalol, plante (D\/B\/M\/I)<\/p>\n<p>THYM (rouge), thymus vulgaris ct. thymol, plante (D\/B\/M\/I)<\/p>\n<p><strong><u><span style=\"color: #ffff00;\">Circulation :<\/span><br \/>\n<\/u><\/strong><br \/>\nCEDRE, cedrus atlantica, bois (D\/M)<\/p>\n<p>CITRON, citrus limon spp. limonum, zeste (D\/I)<\/p>\n<p>CYPRES, cupressus sempervirens, branches + feuille (M)<\/p>\n<p>PATCHOULI, pogostemon cablin, plante (B\/M\/I)<\/p>\n<p>ROMARIN, rosmarinus officinalis, plante (D\/M)<\/p>\n<p>SANTAL, santalum album, bois (D\/B\/M\/I)<\/p>\n<p>SARRIETTE, satureia hortensis, plante (D\/I)<\/p>\n<p><span style=\"color: #ffff00;\"><strong><u>Relaxantes, calmantes:<\/u><\/strong><\/span><\/p>\n<p>BACKHOUSIA CITRIODORA, feuilles (D\/M)<br \/>\nBASILIC, ocimum basilicum, feuille (M\/I)<\/p>\n<p>BERGAMOTE, citrus bergamia, zeste (D\/B\/M\/I)<\/p>\n<p>CAMOMILLE ROMAINE, anthemis nobilis, fleurs (D\/B\/M\/I)<\/p>\n<p>GERANIUM, pelargoneum asperum, sommit\u00e9s fleuris (M\/I)<\/p>\n<p>LAVANDE, lavandula angustifolia, sommit\u00e9s fleuris (D\/B\/M)<\/p>\n<p>LAVANDIN SUPER, lavandula hybrida clone super, fleurs (D\/B\/M\/I)<\/p>\n<p>LAVANDIN ABRIALE, lavandula hybrida clone \u00ab abrialis \u00bb, fleurs (D\/B\/M\/I)<\/p>\n<p>LITSEE, litsea cubeba, feuille + fruit (D\/M\/I)<\/p>\n<p>MANDARINE (verte), citrus reticulata, zeste (D\/B\/I)<\/p>\n<p>MARJOLAINE, origanum majorana, plante (D\/B\/M\/I)<\/p>\n<p><span style=\"color: #ffff00;\"><strong><u>Anti-douleur:<\/u><\/strong><\/span><\/p>\n<p>CAJEPUT, melaleuca leucadendron, feuille (D\/M\/I)<\/p>\n<p>CANELLE, cinnamomum zeylanicum, \u00e9corce (D\/M\/I)<\/p>\n<p>CAMOMILLE ALLEMANDE, matricaria recutita, fleurs (D\/B\/M\/I)<\/p>\n<p>CLOUS DE GIROFLE, syzygium aromaticus, clous (D\/B\/M\/I)<\/p>\n<p>ENCENS, boswelia serrata, hars (D\/B\/M\/I)<\/p>\n<p>GAULTHERIE, gaultheria fragantissima, plante (M)<\/p>\n<p>GENEVRIER, juniperus communis, branches + baies (M\/I)<\/p>\n<p>HELICHRYSE, helichrysum italicum, fleurs (B\/M\/I)<\/p>\n<p>LAURIER, laurus nobilis, feuille (D\/B\/M\/I)<\/p>\n<p>LAVANDE, lavandula angustifolia, sommit\u00e9s fleuris (D\/B\/M)<\/p>\n<p>LAVANDIN SUPER, lavandula hybrida clone super, fleurs (D\/B\/M\/I)<\/p>\n<p>NEROLI, citrus aurantium ssp. amara, fleurs (B\/M\/I)<\/p>\n<p>TEREBENTHINE, pinus pinaster, r\u00e9sine (D\/B\/M)<\/p>\n<p>VETYVER, vetiveria zizanoides, racine (M)<\/p>\n<p><span style=\"color: #ffff00;\"><strong><u>Anti-mycoses:<\/u><\/strong><\/span><\/p>\n<p>BOIS DE ROSE, aniba rosaeodora, bois (D\/B\/M)<\/p>\n<p>MANUKA, leptospermum scoparium, feuille (D\/B\/M\/I) )<\/p>\n<p>PALMAROSE, cymbopogon martinii, plante (D\/B\/M\/I)<\/p>\n<p>TEA TREE, melaleuca alternifolia, feuille (B\/M\/I)<\/p>\n<p><span style=\"color: #ffff00;\"><strong><u>Soins de la peau:<\/u><\/strong><\/span><\/p>\n<p>BOIS DE ROSE, aniba rosaeodora, bois (D\/B\/M)<\/p>\n<p>CAJEPUT, melaleuca leucadendron, feuille (D\/M\/I)<\/p>\n<p>GENEVRIER, juniperus communis, branches + baies (M\/I)<\/p>\n<p>GERANIUM, pelargoneum asperum, sommit\u00e9s fleuris (M\/I)<\/p>\n<p>HELICHRYSE, helichrysum italicum, fleurs (B\/M\/I<\/p>\n<p>LAVANDE, lavandula angustifolia, sommit\u00e9s fleuris (D\/B\/M)<\/p>\n<p>LAVANDIN SUPER, lavandula hybrida clone super, fleurs (D\/B\/M\/I)<\/p>\n<p>MANUKA, leptospermum scoparium, feuille (D\/B\/M\/I) )<\/p>\n<p>ORANGE, ZESTE, citrus sinensis, zeste (D\/I)<\/p>\n<p>PALMAROSE, cymbopogon martinii, plante (D\/B\/M\/I)<\/p>\n<p>ROSE, rosa damascena, fleurs feuille (B\/M\/I)<\/p>\n<p>ROMARIN, rosmarinus officinalis, plante (D\/M)<\/p>\n<p>SANTAL, santalum album, bois (D\/B\/M\/I)<\/p>\n<p>SAUGE SCLAREE, salvia sclarea, plante en fleurs (D\/B\/M\/I)<\/p>\n<p>SAUGE, slavia lavandulaefolia, plante (D\/M)<\/p>\n<p>TEA TREE, melaleuca alternifolia, feuille (B\/M\/I)<\/p>\n<p>YLANG-YLANG, cananga odorata extra, fleurs (D\/B\/M)<\/p>\n<p><span style=\"color: #ffff00;\"><strong><u>Odeurs agr\u00e9ables ou fr\u00e2iches (nebulisation):<\/u><\/strong><\/span><\/p>\n<p>BERGAMOTE, citrus bergamia, zeste (D\/B\/M\/I)<\/p>\n<p>CITRONELLE, cymbopogon winterianus, plante (D\/M)<\/p>\n<p>GERANIUM, pelargoneum asperum, extr\u00e9mit\u00e9es en fleurs (M\/I)<\/p>\n<p>LITSEE, litsea cubeba, feuille + fruit (D\/M\/I)<\/p>\n<p>MENTHE POIVREE, mentha piperita, plante (D\/I)<\/p>\n<p>PAMPLEMOUSSE, citrus paradisii, zeste (D)<\/p>\n<p>YLANG-YLANG, cananga odorata extra, fleurs (D\/B\/M)<\/p>\n<p>D=Diffusion dans l&rsquo;atmosph\u00e8re<br \/>\nB=Bains<br \/>\nM=Massage, application locale<br \/>\nI=Inhalation<\/p>\n<p><span style=\"color: #ffff00;\"><strong><u><span style=\"font-size: x-large;\">Quelques contre indications:<\/span><\/u><\/strong><\/span><\/p>\n<p>THYM (rouge), thymus vulgaris ct. thymol, plante, SARRIETTE, satureia hortensis, plante<br \/>\nEviter le contact avec les yeux: irritant!<\/p>\n<p>BERGAMOTE, citrus bergamia, zeste (V\/B\/M\/I)<br \/>\nApr\u00e8s application locale sur la peau (m\u00eame en petite quantit\u00e9 dans un m\u00e9lange): \u00e9viter le soleil pendant au moins 6 heures! Risque de taches sur la peau!<\/p>\n<p>GAULTHERIE, gaultheria fragantissima, plante (M)<br \/>\nEmploi externe seulement (dilu\u00e9e)!<\/p>\n<p>MENTHE POIVREE, mentha piperita, plante (V\/I)<\/p>\n<p>Ne jamais employer dans le bain: risque de refroidissement trop brusque!<\/p>\n<\/div>\n<\/div>\n<p>&nbsp;<\/p>\n","protected":false},"excerpt":{"rendered":"<p>Mode d&#8217;emploi : La pratique de l&rsquo;aromath\u00e9rapie : L&#8217;emploi des huiles essentielles n\u00e9cessite le respect de certaines r\u00e8gles de base. 1 &#8211; Etant tr\u00e8s concentr\u00e9es, les huiles essentielles doivent \u00eatre dilu\u00e9es dans une substance ad\u00e9quate dans toutes les formes d&rsquo;utilisation, interne ou externe. 2 &#8211; Etant de consistance huileuse, elles ne se m\u00e9langent pas \u00e0 &hellip; <a href=\"http:\/\/www.cevenat.fr\/index.php\/mode-demploi\/\" class=\"more-link\">Continuer la lecture<span class=\"screen-reader-text\"> de &laquo;&nbsp;Mode d&#8217;emploi&nbsp;&raquo;<\/span><\/a><\/p>\n","protected":false},"author":1,"featured_media":0,"parent":0,"menu_order":0,"comment_status":"closed","ping_status":"closed","template":"","meta":{"footnotes":""},"class_list":["post-79","page","type-page","status-publish","hentry"],"_links":{"self":[{"href":"http:\/\/www.cevenat.fr\/index.php\/wp-json\/wp\/v2\/pages\/79","targetHints":{"allow":["GET"]}}],"collection":[{"href":"http:\/\/www.cevenat.fr\/index.php\/wp-json\/wp\/v2\/pages"}],"about":[{"href":"http:\/\/www.cevenat.fr\/index.php\/wp-json\/wp\/v2\/types\/page"}],"author":[{"embeddable":true,"href":"http:\/\/www.cevenat.fr\/index.php\/wp-json\/wp\/v2\/users\/1"}],"replies":[{"embeddable":true,"href":"http:\/\/www.cevenat.fr\/index.php\/wp-json\/wp\/v2\/comments?post=79"}],"version-history":[{"count":5,"href":"http:\/\/www.cevenat.fr\/index.php\/wp-json\/wp\/v2\/pages\/79\/revisions"}],"predecessor-version":[{"id":82,"href":"http:\/\/www.cevenat.fr\/index.php\/wp-json\/wp\/v2\/pages\/79\/revisions\/82"}],"wp:attachment":[{"href":"http:\/\/www.cevenat.fr\/index.php\/wp-json\/wp\/v2\/media?parent=79"}],"curies":[{"name":"wp","href":"https:\/\/api.w.org\/{rel}","templated":true}]}}