{"id":712,"date":"2020-02-01T20:16:30","date_gmt":"2020-02-01T19:16:30","guid":{"rendered":"http:\/\/www.cevenat.fr\/?page_id=712"},"modified":"2020-02-01T20:16:30","modified_gmt":"2020-02-01T19:16:30","slug":"baume-des-pieds","status":"publish","type":"page","link":"http:\/\/www.cevenat.fr\/index.php\/baume-des-pieds\/","title":{"rendered":"Baume des pieds"},"content":{"rendered":"\n<p><strong><a href=\"http:\/\/www.cevenat.fr\/index.php\/massage\/\" target=\"_blank\" rel=\"noopener noreferrer\">Retour page massages<\/a><br \/>Baume des Pieds<br \/><img loading=\"lazy\" decoding=\"async\" class=\"alignnone  wp-image-625\" src=\"http:\/\/www.cevenat.fr\/wp-content\/uploads\/2020\/01\/Baume-des-PiedsETI-1-300x151.jpg\" alt=\"\" width=\"537\" height=\"270\" srcset=\"http:\/\/www.cevenat.fr\/wp-content\/uploads\/2020\/01\/Baume-des-PiedsETI-1-300x151.jpg 300w, http:\/\/www.cevenat.fr\/wp-content\/uploads\/2020\/01\/Baume-des-PiedsETI-1-768x388.jpg 768w, http:\/\/www.cevenat.fr\/wp-content\/uploads\/2020\/01\/Baume-des-PiedsETI-1-1024x517.jpg 1024w, http:\/\/www.cevenat.fr\/wp-content\/uploads\/2020\/01\/Baume-des-PiedsETI-1-1200x606.jpg 1200w, http:\/\/www.cevenat.fr\/wp-content\/uploads\/2020\/01\/Baume-des-PiedsETI-1.jpg 1387w\" sizes=\"auto, (max-width: 537px) 85vw, 537px\" \/><br \/><\/strong><\/p>\n<p><strong>1.Formule :<\/strong><\/p>\n<p>Huiles essentielles :<br \/><span style=\"color: #339966;\">Cypr\u00e8s, rameaux, Bio<\/span><br \/><span style=\"color: #339966;\">Menthe poivr\u00e9e Mitcham, Bio<\/span><br \/><span style=\"color: #339966;\">Bois de Rose<\/span><br \/><span style=\"color: #339966;\">Sauge, feuille de lavande<\/span><img loading=\"lazy\" decoding=\"async\" class=\" wp-image-632 alignright\" src=\"http:\/\/www.cevenat.fr\/wp-content\/uploads\/2020\/01\/Baume-des-Piedsimg-116x300.jpg\" alt=\"\" width=\"152\" height=\"393\" srcset=\"http:\/\/www.cevenat.fr\/wp-content\/uploads\/2020\/01\/Baume-des-Piedsimg-116x300.jpg 116w, http:\/\/www.cevenat.fr\/wp-content\/uploads\/2020\/01\/Baume-des-Piedsimg-396x1024.jpg 396w, http:\/\/www.cevenat.fr\/wp-content\/uploads\/2020\/01\/Baume-des-Piedsimg.jpg 407w\" sizes=\"auto, (max-width: 152px) 85vw, 152px\" \/><\/p>\n<p>Huile v\u00e9g\u00e9tales\u00a0:<br \/><span style=\"color: #993300;\">Huile de Jojoba Bio<\/span><\/p>\n<p><strong>2.L&rsquo;utilisation normale et raisonnablement pr\u00e9visible<\/strong><\/p>\n<p>Utilisation en \u00e9talant doucement sur le corps<\/p>\n<p>3<strong>. L&rsquo;exposition au produit cosm\u00e9tique<\/strong><\/p>\n<p>Produit non rinc\u00e9<\/p>\n<p>Application : les pieds<\/p>\n<p>Quantit\u00e9 du produit appliqu\u00e9\u00a0: en moyenne entre 0,25 et 0,50 ml par application.<\/p>\n<p>Dur\u00e9e et fr\u00e9quence\u00a0 d&rsquo;utilisation\u00a0: utilisation ponctuelle , selon le besoin.<\/p>\n<p>Exposition normale\u00a0: application selon les besoins<\/p>\n<p>Populations vis\u00e9es\u00a0: adultes , enfants et adolescents<\/p>\n<p><strong>3. L&rsquo;Exposition aux substances<\/strong><\/p>\n<p>Effets toxicologiques : tr\u00e8s faible pr\u00e9sence d&rsquo;allerg\u00e8nes naturellement pr\u00e9sent dans les huiles essentielles. Huiles v\u00e9g\u00e9tales biologiques et de qualit\u00e9 alimentaire sans dangers.<\/p>\n<p>Populations vis\u00e9es\u00a0: adultes et adolescents<br \/><strong><a href=\"http:\/\/www.cevenat.fr\/index.php\/massage\/\" target=\"_blank\" rel=\"noopener noreferrer\">Retour page massages<\/a><\/strong><\/p>\n<p>\u00a0<\/p>\n","protected":false},"excerpt":{"rendered":"<p>Retour page massagesBaume des Pieds 1.Formule : Huiles essentielles :Cypr\u00e8s, rameaux, BioMenthe poivr\u00e9e Mitcham, BioBois de RoseSauge, feuille de lavande Huile v\u00e9g\u00e9tales\u00a0:Huile de Jojoba Bio 2.L&rsquo;utilisation normale et raisonnablement pr\u00e9visible Utilisation en \u00e9talant doucement sur le corps 3. L&rsquo;exposition au produit cosm\u00e9tique Produit non rinc\u00e9 Application : les pieds Quantit\u00e9 du produit appliqu\u00e9\u00a0: en moyenne &hellip; <a href=\"http:\/\/www.cevenat.fr\/index.php\/baume-des-pieds\/\" class=\"more-link\">Continuer la lecture<span class=\"screen-reader-text\"> de &laquo;&nbsp;Baume des pieds&nbsp;&raquo;<\/span><\/a><\/p>\n","protected":false},"author":1,"featured_media":0,"parent":0,"menu_order":0,"comment_status":"closed","ping_status":"closed","template":"","meta":{"footnotes":""},"class_list":["post-712","page","type-page","status-publish","hentry"],"_links":{"self":[{"href":"http:\/\/www.cevenat.fr\/index.php\/wp-json\/wp\/v2\/pages\/712","targetHints":{"allow":["GET"]}}],"collection":[{"href":"http:\/\/www.cevenat.fr\/index.php\/wp-json\/wp\/v2\/pages"}],"about":[{"href":"http:\/\/www.cevenat.fr\/index.php\/wp-json\/wp\/v2\/types\/page"}],"author":[{"embeddable":true,"href":"http:\/\/www.cevenat.fr\/index.php\/wp-json\/wp\/v2\/users\/1"}],"replies":[{"embeddable":true,"href":"http:\/\/www.cevenat.fr\/index.php\/wp-json\/wp\/v2\/comments?post=712"}],"version-history":[{"count":1,"href":"http:\/\/www.cevenat.fr\/index.php\/wp-json\/wp\/v2\/pages\/712\/revisions"}],"predecessor-version":[{"id":714,"href":"http:\/\/www.cevenat.fr\/index.php\/wp-json\/wp\/v2\/pages\/712\/revisions\/714"}],"wp:attachment":[{"href":"http:\/\/www.cevenat.fr\/index.php\/wp-json\/wp\/v2\/media?parent=712"}],"curies":[{"name":"wp","href":"https:\/\/api.w.org\/{rel}","templated":true}]}}