{"id":701,"date":"2020-02-01T20:02:19","date_gmt":"2020-02-01T19:02:19","guid":{"rendered":"http:\/\/www.cevenat.fr\/?page_id=701"},"modified":"2020-02-01T20:36:10","modified_gmt":"2020-02-01T19:36:10","slug":"insect-care","status":"publish","type":"page","link":"http:\/\/www.cevenat.fr\/index.php\/insect-care\/","title":{"rendered":"Insect-Care"},"content":{"rendered":"\n<p><strong><a href=\"http:\/\/www.cevenat.fr\/index.php\/massage\/\" target=\"_blank\" rel=\"noopener noreferrer\">Retour page massages<\/a><\/strong><\/p>\n<p><strong>Insect-Care<\/strong><\/p>\n<p><img loading=\"lazy\" decoding=\"async\" class=\"alignnone  wp-image-623\" src=\"http:\/\/www.cevenat.fr\/wp-content\/uploads\/2020\/01\/Insect-CareETI-300x151.jpg\" alt=\"\" width=\"566\" height=\"285\" srcset=\"http:\/\/www.cevenat.fr\/wp-content\/uploads\/2020\/01\/Insect-CareETI-300x151.jpg 300w, http:\/\/www.cevenat.fr\/wp-content\/uploads\/2020\/01\/Insect-CareETI-768x386.jpg 768w, http:\/\/www.cevenat.fr\/wp-content\/uploads\/2020\/01\/Insect-CareETI-1024x515.jpg 1024w, http:\/\/www.cevenat.fr\/wp-content\/uploads\/2020\/01\/Insect-CareETI-1200x603.jpg 1200w, http:\/\/www.cevenat.fr\/wp-content\/uploads\/2020\/01\/Insect-CareETI.jpg 1384w\" sizes=\"auto, (max-width: 566px) 85vw, 566px\" \/><br \/><br \/><strong>1.Formule :<\/strong><\/p>\n<p>Huiles essentielles\u00a0:<\/p>\n<p><span style=\"color: #339966;\">G\u00e9ranium, Bio<\/span><br \/><span style=\"color: #339966;\">Palmarosa, Bio<\/span><br \/><span style=\"color: #339966;\">C\u00e8dre d&rsquo;atlas, bois, Bio<\/span><br \/><span style=\"color: #339966;\">Cajeput, Bio<\/span><br \/><span style=\"color: #339966;\">Eucalyptus citriodora, Bio<\/span><br \/><span style=\"color: #339966;\">Citronnelle, Bio<\/span><\/p>\n<p>Huile v\u00e9g\u00e9tales\u00a0:<img loading=\"lazy\" decoding=\"async\" class=\" wp-image-631 alignright\" src=\"http:\/\/www.cevenat.fr\/wp-content\/uploads\/2020\/01\/Insect-Careimg-104x300.jpg\" alt=\"\" width=\"146\" height=\"421\" srcset=\"http:\/\/www.cevenat.fr\/wp-content\/uploads\/2020\/01\/Insect-Careimg-104x300.jpg 104w, http:\/\/www.cevenat.fr\/wp-content\/uploads\/2020\/01\/Insect-Careimg-354x1024.jpg 354w, http:\/\/www.cevenat.fr\/wp-content\/uploads\/2020\/01\/Insect-Careimg.jpg 385w\" sizes=\"auto, (max-width: 146px) 85vw, 146px\" \/><\/p>\n<p><span style=\"color: #993300;\">Huile v\u00e9g\u00e9tale de s\u00e9same d\u00e9sodoris\u00e9e bio<\/span><br \/><span style=\"color: #993300;\">Huile de Jojoba Bio<\/span><br \/><span style=\"color: #993300;\">Huile v\u00e9g\u00e9tale de tournesol d\u00e9sodoris\u00e9 bio<\/span><\/p>\n<p><strong>2.L&rsquo;utilisation normale et raisonnablement pr\u00e9visible<\/strong><\/p>\n<p>Utilisation en \u00e9talant doucement sur le corps<\/p>\n<p>3<strong>. L&rsquo;exposition au produit cosm\u00e9tique<\/strong><\/p>\n<p>Produit non rinc\u00e9<\/p>\n<p>Application\u00a0: les bras, jambes et autres endroits selon les besoins<\/p>\n<p>Quantit\u00e9 du produit appliqu\u00e9\u00a0: en moyenne entre 0,25 et 0,50 ml par application.<\/p>\n<p>Dur\u00e9e et fr\u00e9quence\u00a0 d&rsquo;utilisation\u00a0: utilisation ponctuelle , selon le besoin.<\/p>\n<p>Exposition normale\u00a0: application selon les besoins<\/p>\n<p>Populations vis\u00e9es\u00a0: adultes , enfants et adolescents<\/p>\n<p><strong>3. L&rsquo;Exposition aux substances<\/strong><\/p>\n<p>Effets toxicologiques : tr\u00e8s faible pr\u00e9sence d&rsquo;allerg\u00e8nes naturellement pr\u00e9sent dans les huiles essentielles. Huiles v\u00e9g\u00e9tales biologiques et de qualit\u00e9 alimentaire sans dangers.<\/p>\n<p>Populations vis\u00e9es\u00a0: adultes et adolescents<br \/><strong><a href=\"http:\/\/www.cevenat.fr\/index.php\/massage\/\" target=\"_blank\" rel=\"noopener noreferrer\">Retour page massages<\/a><\/strong><\/p>\n","protected":false},"excerpt":{"rendered":"<p>Retour page massages Insect-Care 1.Formule : Huiles essentielles\u00a0: G\u00e9ranium, BioPalmarosa, BioC\u00e8dre d&rsquo;atlas, bois, BioCajeput, BioEucalyptus citriodora, BioCitronnelle, Bio Huile v\u00e9g\u00e9tales\u00a0: Huile v\u00e9g\u00e9tale de s\u00e9same d\u00e9sodoris\u00e9e bioHuile de Jojoba BioHuile v\u00e9g\u00e9tale de tournesol d\u00e9sodoris\u00e9 bio 2.L&rsquo;utilisation normale et raisonnablement pr\u00e9visible Utilisation en \u00e9talant doucement sur le corps 3. L&rsquo;exposition au produit cosm\u00e9tique Produit non rinc\u00e9 Application\u00a0: &hellip; <a href=\"http:\/\/www.cevenat.fr\/index.php\/insect-care\/\" class=\"more-link\">Continuer la lecture<span class=\"screen-reader-text\"> de &laquo;&nbsp;Insect-Care&nbsp;&raquo;<\/span><\/a><\/p>\n","protected":false},"author":1,"featured_media":0,"parent":0,"menu_order":0,"comment_status":"closed","ping_status":"closed","template":"","meta":{"footnotes":""},"class_list":["post-701","page","type-page","status-publish","hentry"],"_links":{"self":[{"href":"http:\/\/www.cevenat.fr\/index.php\/wp-json\/wp\/v2\/pages\/701","targetHints":{"allow":["GET"]}}],"collection":[{"href":"http:\/\/www.cevenat.fr\/index.php\/wp-json\/wp\/v2\/pages"}],"about":[{"href":"http:\/\/www.cevenat.fr\/index.php\/wp-json\/wp\/v2\/types\/page"}],"author":[{"embeddable":true,"href":"http:\/\/www.cevenat.fr\/index.php\/wp-json\/wp\/v2\/users\/1"}],"replies":[{"embeddable":true,"href":"http:\/\/www.cevenat.fr\/index.php\/wp-json\/wp\/v2\/comments?post=701"}],"version-history":[{"count":2,"href":"http:\/\/www.cevenat.fr\/index.php\/wp-json\/wp\/v2\/pages\/701\/revisions"}],"predecessor-version":[{"id":725,"href":"http:\/\/www.cevenat.fr\/index.php\/wp-json\/wp\/v2\/pages\/701\/revisions\/725"}],"wp:attachment":[{"href":"http:\/\/www.cevenat.fr\/index.php\/wp-json\/wp\/v2\/media?parent=701"}],"curies":[{"name":"wp","href":"https:\/\/api.w.org\/{rel}","templated":true}]}}