{"id":698,"date":"2020-02-01T20:00:35","date_gmt":"2020-02-01T19:00:35","guid":{"rendered":"http:\/\/www.cevenat.fr\/?page_id=698"},"modified":"2020-02-01T20:00:35","modified_gmt":"2020-02-01T19:00:35","slug":"mousti-care","status":"publish","type":"page","link":"http:\/\/www.cevenat.fr\/index.php\/mousti-care\/","title":{"rendered":"Mousti-Care"},"content":{"rendered":"\n<p><strong><a href=\"http:\/\/www.cevenat.fr\/index.php\/massage\/\" target=\"_blank\" rel=\"noopener noreferrer\">Retour page massages<\/a><br \/><br \/>Mousti-Care<\/strong><\/p>\n<p><img loading=\"lazy\" decoding=\"async\" class=\"alignnone  wp-image-621\" src=\"http:\/\/www.cevenat.fr\/wp-content\/uploads\/2020\/01\/Mousti-ETI-300x150.jpg\" alt=\"\" width=\"584\" height=\"292\" srcset=\"http:\/\/www.cevenat.fr\/wp-content\/uploads\/2020\/01\/Mousti-ETI-300x150.jpg 300w, http:\/\/www.cevenat.fr\/wp-content\/uploads\/2020\/01\/Mousti-ETI-768x385.jpg 768w, http:\/\/www.cevenat.fr\/wp-content\/uploads\/2020\/01\/Mousti-ETI-1024x513.jpg 1024w, http:\/\/www.cevenat.fr\/wp-content\/uploads\/2020\/01\/Mousti-ETI-1200x601.jpg 1200w, http:\/\/www.cevenat.fr\/wp-content\/uploads\/2020\/01\/Mousti-ETI.jpg 1241w\" sizes=\"auto, (max-width: 584px) 85vw, 584px\" \/><\/p>\n<p><strong>1.Formule :<\/strong><\/p>\n<p>Huiles essentielles\u00a0:<br \/><span style=\"color: #339966;\">Eucalyptus citriodora, Bio<\/span><br \/><span style=\"color: #339966;\">Lavandin abrial, Bio<\/span><br \/><span style=\"color: #339966;\">G\u00e9ranium, Egypte, Bio<\/span><br \/><span style=\"color: #339966;\">Citronnelle, Bio<\/span><img loading=\"lazy\" decoding=\"async\" class=\" wp-image-622 alignright\" src=\"http:\/\/www.cevenat.fr\/wp-content\/uploads\/2020\/01\/Mousti-img-124x300.jpg\" alt=\"\" width=\"153\" height=\"370\" srcset=\"http:\/\/www.cevenat.fr\/wp-content\/uploads\/2020\/01\/Mousti-img-124x300.jpg 124w, http:\/\/www.cevenat.fr\/wp-content\/uploads\/2020\/01\/Mousti-img-424x1024.jpg 424w, http:\/\/www.cevenat.fr\/wp-content\/uploads\/2020\/01\/Mousti-img.jpg 448w\" sizes=\"auto, (max-width: 153px) 85vw, 153px\" \/><\/p>\n<p>Huile v\u00e9g\u00e9tales\u00a0:<br \/><span style=\"color: #993300;\">Huile de Jojoba Bio<\/span><\/p>\n<p><strong>2.L&rsquo;utilisation normale et raisonnablement pr\u00e9visible<\/strong><\/p>\n<p>Utilisation en \u00e9talant doucement sur le corps<\/p>\n<p>3<strong>. L&rsquo;exposition au produit cosm\u00e9tique<\/strong><\/p>\n<p>Produit non rinc\u00e9<\/p>\n<p>Application\u00a0: les bras, jambes et autres endroits selon les besoins<\/p>\n<p>Quantit\u00e9 du produit appliqu\u00e9\u00a0: en moyenne entre 0,25 et 0,50 ml par application.<\/p>\n<p>Dur\u00e9e et fr\u00e9quence\u00a0 d&rsquo;utilisation\u00a0: utilisation ponctuelle , selon le besoin.<\/p>\n<p>Exposition normale\u00a0: application selon les besoins<\/p>\n<p>Populations vis\u00e9es\u00a0: adultes , enfants et adolescents<\/p>\n<p><strong>3. L&rsquo;Exposition aux substances<\/strong><\/p>\n<p>Effets toxicologiques : tr\u00e8s faible pr\u00e9sence d&rsquo;allerg\u00e8nes naturellement pr\u00e9sent dans les huiles essentielles. Huiles v\u00e9g\u00e9tales biologiques et de qualit\u00e9 alimentaire sans dangers.<\/p>\n<p>Populations vis\u00e9es\u00a0: adultes et adolescents<br \/><strong><a href=\"http:\/\/www.cevenat.fr\/index.php\/massage\/\" target=\"_blank\" rel=\"noopener noreferrer\">Retour page massages<\/a><\/strong><\/p>\n","protected":false},"excerpt":{"rendered":"<p>Retour page massages Mousti-Care 1.Formule : Huiles essentielles\u00a0:Eucalyptus citriodora, BioLavandin abrial, BioG\u00e9ranium, Egypte, BioCitronnelle, Bio Huile v\u00e9g\u00e9tales\u00a0:Huile de Jojoba Bio 2.L&rsquo;utilisation normale et raisonnablement pr\u00e9visible Utilisation en \u00e9talant doucement sur le corps 3. L&rsquo;exposition au produit cosm\u00e9tique Produit non rinc\u00e9 Application\u00a0: les bras, jambes et autres endroits selon les besoins Quantit\u00e9 du produit appliqu\u00e9\u00a0: en &hellip; <a href=\"http:\/\/www.cevenat.fr\/index.php\/mousti-care\/\" class=\"more-link\">Continuer la lecture<span class=\"screen-reader-text\"> de &laquo;&nbsp;Mousti-Care&nbsp;&raquo;<\/span><\/a><\/p>\n","protected":false},"author":1,"featured_media":0,"parent":0,"menu_order":0,"comment_status":"closed","ping_status":"closed","template":"","meta":{"footnotes":""},"class_list":["post-698","page","type-page","status-publish","hentry"],"_links":{"self":[{"href":"http:\/\/www.cevenat.fr\/index.php\/wp-json\/wp\/v2\/pages\/698","targetHints":{"allow":["GET"]}}],"collection":[{"href":"http:\/\/www.cevenat.fr\/index.php\/wp-json\/wp\/v2\/pages"}],"about":[{"href":"http:\/\/www.cevenat.fr\/index.php\/wp-json\/wp\/v2\/types\/page"}],"author":[{"embeddable":true,"href":"http:\/\/www.cevenat.fr\/index.php\/wp-json\/wp\/v2\/users\/1"}],"replies":[{"embeddable":true,"href":"http:\/\/www.cevenat.fr\/index.php\/wp-json\/wp\/v2\/comments?post=698"}],"version-history":[{"count":1,"href":"http:\/\/www.cevenat.fr\/index.php\/wp-json\/wp\/v2\/pages\/698\/revisions"}],"predecessor-version":[{"id":700,"href":"http:\/\/www.cevenat.fr\/index.php\/wp-json\/wp\/v2\/pages\/698\/revisions\/700"}],"wp:attachment":[{"href":"http:\/\/www.cevenat.fr\/index.php\/wp-json\/wp\/v2\/media?parent=698"}],"curies":[{"name":"wp","href":"https:\/\/api.w.org\/{rel}","templated":true}]}}