{"id":687,"date":"2020-02-01T19:32:32","date_gmt":"2020-02-01T18:32:32","guid":{"rendered":"http:\/\/www.cevenat.fr\/?page_id=687"},"modified":"2020-02-01T19:32:32","modified_gmt":"2020-02-01T18:32:32","slug":"energie","status":"publish","type":"page","link":"http:\/\/www.cevenat.fr\/index.php\/energie\/","title":{"rendered":"Energie"},"content":{"rendered":"\n<p><strong><a href=\"http:\/\/www.cevenat.fr\/index.php\/massage\/\" target=\"_blank\" rel=\"noopener noreferrer\">Retour page massages<\/a><\/strong><br \/>Energie<br \/><img loading=\"lazy\" decoding=\"async\" class=\"alignnone  wp-image-617\" src=\"http:\/\/www.cevenat.fr\/wp-content\/uploads\/2020\/01\/EnergieETI-300x151.jpg\" alt=\"\" width=\"415\" height=\"209\" srcset=\"http:\/\/www.cevenat.fr\/wp-content\/uploads\/2020\/01\/EnergieETI-300x151.jpg 300w, http:\/\/www.cevenat.fr\/wp-content\/uploads\/2020\/01\/EnergieETI-768x387.jpg 768w, http:\/\/www.cevenat.fr\/wp-content\/uploads\/2020\/01\/EnergieETI-1024x516.jpg 1024w, http:\/\/www.cevenat.fr\/wp-content\/uploads\/2020\/01\/EnergieETI-1200x605.jpg 1200w, http:\/\/www.cevenat.fr\/wp-content\/uploads\/2020\/01\/EnergieETI.jpg 1576w\" sizes=\"auto, (max-width: 415px) 85vw, 415px\" \/><br \/><br \/><\/p>\n<p><strong>1 Formule :<\/strong><\/p>\n<p>Huiles essentielles\u00a0:<br \/><span style=\"color: #339966;\">Romarin camphre, Bio<\/span><br \/><span style=\"color: #339966;\">Sauge sclar\u00e9e, Bio<\/span><br \/><span style=\"color: #339966;\">Pin sylvestre, Bio<\/span><br \/><span style=\"color: #339966;\">Epinette noire, Bio<\/span><br \/><span style=\"color: #339966;\">G\u00e9ranium, Chine<\/span><br \/><span style=\"color: #339966;\">Lavande aspic, Bio<\/span><img loading=\"lazy\" decoding=\"async\" class=\" wp-image-618 alignright\" src=\"http:\/\/www.cevenat.fr\/wp-content\/uploads\/2020\/01\/Energieimg-119x300.jpg\" alt=\"\" width=\"166\" height=\"418\" \/><\/p>\n<p>Huile v\u00e9g\u00e9tales\u00a0:<br \/><span style=\"color: #993300;\">Huile v\u00e9g\u00e9tale de tournesol d\u00e9sodoris\u00e9 bio<\/span><br \/><span style=\"color: #993300;\">Huile v\u00e9g\u00e9tale de s\u00e9same bio<\/span><br \/><span style=\"color: #993300;\">Huile de Jojoba Bio<\/span><\/p>\n<p><strong>2 L&rsquo;utilisation normale et raisonnablement pr\u00e9visible<\/strong><\/p>\n<p>Utilisation en \u00e9talant doucement sur le dos ou autres parties du corps<br \/>que l\u2019on d\u00e9sire masser. Bien masser ensuite.<\/p>\n<p><strong>3 L&rsquo;exposition au produit cosm\u00e9tique<\/strong><\/p>\n<p>Produit non rinc\u00e9<\/p>\n<p>Application\u00a0: le dos principalement.<\/p>\n<p>Quantit\u00e9 du produit appliqu\u00e9\u00a0: en moyenne entre 0,25 et 0,50 ml par application.<\/p>\n<p>Dur\u00e9e et fr\u00e9quence\u00a0 d&rsquo;utilisation\u00a0: utilisation ponctuelle , selon le besoin.<\/p>\n<p>Exposition normale : application sur le dos<\/p>\n<p>Populations vis\u00e9es\u00a0: adultes et adolescents<\/p>\n<p><strong>4 L&rsquo;Exposition aux substances<\/strong><\/p>\n<p>Effets toxicologiques\u00a0: tr\u00e8s faible pr\u00e9sence d&rsquo;allerg\u00e8nes naturellement pr\u00e9sent dans les huiles essentielles.<\/p>\n<p>Huiles v\u00e9g\u00e9tales biologiques et de qualit\u00e9 alimentaire sans dangers.<\/p>\n<p>Populations vis\u00e9es\u00a0: adultes et adolescents<br \/><br \/><strong><a href=\"http:\/\/www.cevenat.fr\/index.php\/massage\/\" target=\"_blank\" rel=\"noopener noreferrer\">Retour page massages<\/a><\/strong><\/p>\n","protected":false},"excerpt":{"rendered":"<p>Retour page massagesEnergie 1 Formule : Huiles essentielles\u00a0:Romarin camphre, BioSauge sclar\u00e9e, BioPin sylvestre, BioEpinette noire, BioG\u00e9ranium, ChineLavande aspic, Bio Huile v\u00e9g\u00e9tales\u00a0:Huile v\u00e9g\u00e9tale de tournesol d\u00e9sodoris\u00e9 bioHuile v\u00e9g\u00e9tale de s\u00e9same bioHuile de Jojoba Bio 2 L&rsquo;utilisation normale et raisonnablement pr\u00e9visible Utilisation en \u00e9talant doucement sur le dos ou autres parties du corpsque l\u2019on d\u00e9sire masser. Bien &hellip; <a href=\"http:\/\/www.cevenat.fr\/index.php\/energie\/\" class=\"more-link\">Continuer la lecture<span class=\"screen-reader-text\"> de &laquo;&nbsp;Energie&nbsp;&raquo;<\/span><\/a><\/p>\n","protected":false},"author":1,"featured_media":0,"parent":0,"menu_order":0,"comment_status":"closed","ping_status":"closed","template":"","meta":{"footnotes":""},"class_list":["post-687","page","type-page","status-publish","hentry"],"_links":{"self":[{"href":"http:\/\/www.cevenat.fr\/index.php\/wp-json\/wp\/v2\/pages\/687","targetHints":{"allow":["GET"]}}],"collection":[{"href":"http:\/\/www.cevenat.fr\/index.php\/wp-json\/wp\/v2\/pages"}],"about":[{"href":"http:\/\/www.cevenat.fr\/index.php\/wp-json\/wp\/v2\/types\/page"}],"author":[{"embeddable":true,"href":"http:\/\/www.cevenat.fr\/index.php\/wp-json\/wp\/v2\/users\/1"}],"replies":[{"embeddable":true,"href":"http:\/\/www.cevenat.fr\/index.php\/wp-json\/wp\/v2\/comments?post=687"}],"version-history":[{"count":1,"href":"http:\/\/www.cevenat.fr\/index.php\/wp-json\/wp\/v2\/pages\/687\/revisions"}],"predecessor-version":[{"id":689,"href":"http:\/\/www.cevenat.fr\/index.php\/wp-json\/wp\/v2\/pages\/687\/revisions\/689"}],"wp:attachment":[{"href":"http:\/\/www.cevenat.fr\/index.php\/wp-json\/wp\/v2\/media?parent=687"}],"curies":[{"name":"wp","href":"https:\/\/api.w.org\/{rel}","templated":true}]}}