{"id":680,"date":"2020-02-01T19:11:51","date_gmt":"2020-02-01T18:11:51","guid":{"rendered":"http:\/\/www.cevenat.fr\/?page_id=680"},"modified":"2020-02-01T20:31:29","modified_gmt":"2020-02-01T19:31:29","slug":"relax","status":"publish","type":"page","link":"http:\/\/www.cevenat.fr\/index.php\/relax\/","title":{"rendered":"Relax"},"content":{"rendered":"\n<p><strong><a href=\"http:\/\/www.cevenat.fr\/index.php\/massage\/\" target=\"_blank\" rel=\"noopener noreferrer\">Retour page massages<\/a><br \/>Relax Massage<\/strong><br \/><img loading=\"lazy\" decoding=\"async\" class=\"alignnone  wp-image-682\" src=\"http:\/\/www.cevenat.fr\/wp-content\/uploads\/2020\/02\/RelaxETI-300x149.jpg\" alt=\"\" width=\"451\" height=\"224\" srcset=\"http:\/\/www.cevenat.fr\/wp-content\/uploads\/2020\/02\/RelaxETI-300x149.jpg 300w, http:\/\/www.cevenat.fr\/wp-content\/uploads\/2020\/02\/RelaxETI-768x382.jpg 768w, http:\/\/www.cevenat.fr\/wp-content\/uploads\/2020\/02\/RelaxETI-1024x510.jpg 1024w, http:\/\/www.cevenat.fr\/wp-content\/uploads\/2020\/02\/RelaxETI-1200x598.jpg 1200w, http:\/\/www.cevenat.fr\/wp-content\/uploads\/2020\/02\/RelaxETI.jpg 1201w\" sizes=\"auto, (max-width: 451px) 85vw, 451px\" \/><\/p>\n<p><strong>1 Formule :<\/strong><\/p>\n<p>Huiles essentielles :<br \/><span style=\"color: #339966;\">Lavande maillette, Bio<\/span><br \/><span style=\"color: #339966;\">Mandarine verte, Bio<\/span><br \/><span style=\"color: #339966;\">Citron, zeste, Bio<\/span><br \/><span style=\"color: #339966;\">Camomille romaine, Bio<\/span><br \/><span style=\"color: #339966;\">N\u00e9roli<\/span><\/p>\n<p>Huile v\u00e9g\u00e9tales :<img loading=\"lazy\" decoding=\"async\" class=\" wp-image-683 alignright\" src=\"http:\/\/www.cevenat.fr\/wp-content\/uploads\/2020\/02\/Relaximg-117x300.jpg\" alt=\"\" width=\"159\" height=\"408\" srcset=\"http:\/\/www.cevenat.fr\/wp-content\/uploads\/2020\/02\/Relaximg-117x300.jpg 117w, http:\/\/www.cevenat.fr\/wp-content\/uploads\/2020\/02\/Relaximg-398x1024.jpg 398w, http:\/\/www.cevenat.fr\/wp-content\/uploads\/2020\/02\/Relaximg.jpg 478w\" sizes=\"auto, (max-width: 159px) 85vw, 159px\" \/><br \/><span style=\"color: #993300;\">Huile de Jojoba Bio<\/span><br \/><span style=\"color: #993300;\">Huile v\u00e9g\u00e9tale de tournesol d\u00e9sodoris\u00e9 bio<\/span><\/p>\n<p><strong>2 L&rsquo;utilisation normale et raisonnablement pr\u00e9visible<\/strong><\/p>\n<p>Utilisation du produit\u00a0:<\/p>\n<p>Utilisation en \u00e9talant doucement sur le dos ou autres parties du corps<\/p>\n<p>que l\u2019on d\u00e9sire masser. Bien masser ensuite.<\/p>\n<p><strong>3 L&rsquo;exposition au produit cosm\u00e9tique<\/strong><\/p>\n<p>Produit non rinc\u00e9<\/p>\n<p>Application\u00a0: le dos, la nuque principalement.<\/p>\n<p>Quantit\u00e9 du produit appliqu\u00e9 : en moyenne entre 0,25 et 0,50 ml par application.<br \/>Dur\u00e9e et fr\u00e9quence\u00a0 d&rsquo;utilisation\u00a0: utilisation ponctuelle , selon le besoin.<\/p>\n<p>Exposition normale : application sur le dos ou la nuque<br \/>Populations vis\u00e9es\u00a0: adultes et adolescents<br \/><strong><a href=\"http:\/\/www.cevenat.fr\/index.php\/massage\/\" target=\"_blank\" rel=\"noopener noreferrer\">Retour page massages<\/a><\/strong><\/p>\n","protected":false},"excerpt":{"rendered":"<p>Retour page massagesRelax Massage 1 Formule : Huiles essentielles :Lavande maillette, BioMandarine verte, BioCitron, zeste, BioCamomille romaine, BioN\u00e9roli Huile v\u00e9g\u00e9tales :Huile de Jojoba BioHuile v\u00e9g\u00e9tale de tournesol d\u00e9sodoris\u00e9 bio 2 L&rsquo;utilisation normale et raisonnablement pr\u00e9visible Utilisation du produit\u00a0: Utilisation en \u00e9talant doucement sur le dos ou autres parties du corps que l\u2019on d\u00e9sire masser. Bien &hellip; <a href=\"http:\/\/www.cevenat.fr\/index.php\/relax\/\" class=\"more-link\">Continuer la lecture<span class=\"screen-reader-text\"> de &laquo;&nbsp;Relax&nbsp;&raquo;<\/span><\/a><\/p>\n","protected":false},"author":1,"featured_media":0,"parent":0,"menu_order":0,"comment_status":"closed","ping_status":"closed","template":"","meta":{"footnotes":""},"class_list":["post-680","page","type-page","status-publish","hentry"],"_links":{"self":[{"href":"http:\/\/www.cevenat.fr\/index.php\/wp-json\/wp\/v2\/pages\/680","targetHints":{"allow":["GET"]}}],"collection":[{"href":"http:\/\/www.cevenat.fr\/index.php\/wp-json\/wp\/v2\/pages"}],"about":[{"href":"http:\/\/www.cevenat.fr\/index.php\/wp-json\/wp\/v2\/types\/page"}],"author":[{"embeddable":true,"href":"http:\/\/www.cevenat.fr\/index.php\/wp-json\/wp\/v2\/users\/1"}],"replies":[{"embeddable":true,"href":"http:\/\/www.cevenat.fr\/index.php\/wp-json\/wp\/v2\/comments?post=680"}],"version-history":[{"count":3,"href":"http:\/\/www.cevenat.fr\/index.php\/wp-json\/wp\/v2\/pages\/680\/revisions"}],"predecessor-version":[{"id":720,"href":"http:\/\/www.cevenat.fr\/index.php\/wp-json\/wp\/v2\/pages\/680\/revisions\/720"}],"wp:attachment":[{"href":"http:\/\/www.cevenat.fr\/index.php\/wp-json\/wp\/v2\/media?parent=680"}],"curies":[{"name":"wp","href":"https:\/\/api.w.org\/{rel}","templated":true}]}}