{"id":678,"date":"2020-02-01T19:10:48","date_gmt":"2020-02-01T18:10:48","guid":{"rendered":"http:\/\/www.cevenat.fr\/?page_id=678"},"modified":"2020-02-01T19:34:59","modified_gmt":"2020-02-01T18:34:59","slug":"circulation-jambes","status":"publish","type":"page","link":"http:\/\/www.cevenat.fr\/index.php\/circulation-jambes\/","title":{"rendered":"Circulation jambes"},"content":{"rendered":"\n<p><strong><a href=\"http:\/\/www.cevenat.fr\/index.php\/massage\/\" target=\"_blank\" rel=\"noopener noreferrer\">Retour page massages<\/a><br \/>Circulation Jambes<\/strong><br \/><img loading=\"lazy\" decoding=\"async\" class=\"alignnone  wp-image-604\" src=\"http:\/\/www.cevenat.fr\/wp-content\/uploads\/2020\/01\/CircuETI-300x151.jpg\" alt=\"\" width=\"562\" height=\"283\" srcset=\"http:\/\/www.cevenat.fr\/wp-content\/uploads\/2020\/01\/CircuETI-300x151.jpg 300w, http:\/\/www.cevenat.fr\/wp-content\/uploads\/2020\/01\/CircuETI-768x387.jpg 768w, http:\/\/www.cevenat.fr\/wp-content\/uploads\/2020\/01\/CircuETI-1024x516.jpg 1024w, http:\/\/www.cevenat.fr\/wp-content\/uploads\/2020\/01\/CircuETI-1200x604.jpg 1200w, http:\/\/www.cevenat.fr\/wp-content\/uploads\/2020\/01\/CircuETI.jpg 1535w\" sizes=\"auto, (max-width: 562px) 85vw, 562px\" \/><\/p>\n<p><strong>1 Formule :<\/strong><\/p>\n<p>Huiles essentielles :<br \/><span style=\"color: #339966;\">Cypr\u00e8s, rameaux, Bio<\/span><br \/><span style=\"color: #339966;\">Romarin camphre, Bio<\/span><br \/><span style=\"color: #339966;\">C\u00e8dre d&rsquo;atlas, bois, Bio<\/span><br \/><span style=\"color: #339966;\">Citron, zeste, Bio<\/span><br \/><span style=\"color: #339966;\">Orange, zeste, Bio<\/span><br \/><span style=\"color: #339966;\">Sarriette des montagnes, Bio<\/span><img loading=\"lazy\" decoding=\"async\" class=\" wp-image-605 alignright\" src=\"http:\/\/www.cevenat.fr\/wp-content\/uploads\/2020\/01\/Circuimg-110x300.jpg\" alt=\"\" width=\"163\" height=\"445\" srcset=\"http:\/\/www.cevenat.fr\/wp-content\/uploads\/2020\/01\/Circuimg-110x300.jpg 110w, http:\/\/www.cevenat.fr\/wp-content\/uploads\/2020\/01\/Circuimg-375x1024.jpg 375w, http:\/\/www.cevenat.fr\/wp-content\/uploads\/2020\/01\/Circuimg.jpg 452w\" sizes=\"auto, (max-width: 163px) 85vw, 163px\" \/><\/p>\n<p>Huile v\u00e9g\u00e9tales :<br \/><span style=\"color: #993300;\">Huile de Jojoba Bio<\/span><\/p>\n<p><strong>2 L&rsquo;utilisation normale et raisonnablement pr\u00e9visible<\/strong><\/p>\n<p>Utilisation du produit\u00a0:<\/p>\n<p>Utilisation en \u00e9talant doucement sur jambes. Laisser p\u00e9n\u00e9trer, ne pas masser<\/p>\n<p>3 L&rsquo;exposition au produit cosm\u00e9tique<\/p>\n<p>Produit non rinc\u00e9<\/p>\n<p>Application\u00a0: les jambes<\/p>\n<p>Quantit\u00e9 du produit appliqu\u00e9 : en moyenne entre 0,25 et 0,50 ml par application.<\/p>\n<p>Dur\u00e9e et fr\u00e9quence\u00a0 d&rsquo;utilisation\u00a0: utilisation ponctuelle , selon le besoin.<\/p>\n<p>Exposition normale : application sur les jambes<\/p>\n<p>Populations vis\u00e9es\u00a0: adultes<\/p>\n<p>4 L&rsquo;Exposition aux substances<\/p>\n<p>Effets toxicologiques\u00a0: tr\u00e8s faible pr\u00e9sence d&rsquo;allerg\u00e8nes naturellement pr\u00e9sent dans les huiles essentielles.<\/p>\n<p>Huiles v\u00e9g\u00e9tales biologiques et de qualit\u00e9 alimentaire sans dangers.<br \/><strong><a href=\"http:\/\/www.cevenat.fr\/index.php\/massage\/\" target=\"_blank\" rel=\"noopener noreferrer\">Retour page massages<\/a><\/strong><\/p>\n","protected":false},"excerpt":{"rendered":"<p>Retour page massagesCirculation Jambes 1 Formule : Huiles essentielles :Cypr\u00e8s, rameaux, BioRomarin camphre, BioC\u00e8dre d&rsquo;atlas, bois, BioCitron, zeste, BioOrange, zeste, BioSarriette des montagnes, Bio Huile v\u00e9g\u00e9tales :Huile de Jojoba Bio 2 L&rsquo;utilisation normale et raisonnablement pr\u00e9visible Utilisation du produit\u00a0: Utilisation en \u00e9talant doucement sur jambes. Laisser p\u00e9n\u00e9trer, ne pas masser 3 L&rsquo;exposition au produit cosm\u00e9tique &hellip; <a href=\"http:\/\/www.cevenat.fr\/index.php\/circulation-jambes\/\" class=\"more-link\">Continuer la lecture<span class=\"screen-reader-text\"> de &laquo;&nbsp;Circulation jambes&nbsp;&raquo;<\/span><\/a><\/p>\n","protected":false},"author":1,"featured_media":0,"parent":0,"menu_order":0,"comment_status":"closed","ping_status":"closed","template":"","meta":{"footnotes":""},"class_list":["post-678","page","type-page","status-publish","hentry"],"_links":{"self":[{"href":"http:\/\/www.cevenat.fr\/index.php\/wp-json\/wp\/v2\/pages\/678","targetHints":{"allow":["GET"]}}],"collection":[{"href":"http:\/\/www.cevenat.fr\/index.php\/wp-json\/wp\/v2\/pages"}],"about":[{"href":"http:\/\/www.cevenat.fr\/index.php\/wp-json\/wp\/v2\/types\/page"}],"author":[{"embeddable":true,"href":"http:\/\/www.cevenat.fr\/index.php\/wp-json\/wp\/v2\/users\/1"}],"replies":[{"embeddable":true,"href":"http:\/\/www.cevenat.fr\/index.php\/wp-json\/wp\/v2\/comments?post=678"}],"version-history":[{"count":2,"href":"http:\/\/www.cevenat.fr\/index.php\/wp-json\/wp\/v2\/pages\/678\/revisions"}],"predecessor-version":[{"id":694,"href":"http:\/\/www.cevenat.fr\/index.php\/wp-json\/wp\/v2\/pages\/678\/revisions\/694"}],"wp:attachment":[{"href":"http:\/\/www.cevenat.fr\/index.php\/wp-json\/wp\/v2\/media?parent=678"}],"curies":[{"name":"wp","href":"https:\/\/api.w.org\/{rel}","templated":true}]}}