{"id":672,"date":"2020-02-01T19:04:20","date_gmt":"2020-02-01T18:04:20","guid":{"rendered":"http:\/\/www.cevenat.fr\/?page_id=672"},"modified":"2020-02-01T19:34:37","modified_gmt":"2020-02-01T18:34:37","slug":"cica","status":"publish","type":"page","link":"http:\/\/www.cevenat.fr\/index.php\/cica\/","title":{"rendered":"Cica"},"content":{"rendered":"\n<p><strong><a href=\"http:\/\/www.cevenat.fr\/index.php\/massage\/\" target=\"_blank\" rel=\"noopener noreferrer\">Retour page massages<\/a><br \/>Cica Massage<br \/><br \/><img loading=\"lazy\" decoding=\"async\" class=\"alignnone  wp-image-674\" src=\"http:\/\/www.cevenat.fr\/wp-content\/uploads\/2020\/02\/CicaETI-300x152.jpg\" alt=\"\" width=\"395\" height=\"200\" srcset=\"http:\/\/www.cevenat.fr\/wp-content\/uploads\/2020\/02\/CicaETI-300x152.jpg 300w, http:\/\/www.cevenat.fr\/wp-content\/uploads\/2020\/02\/CicaETI-768x390.jpg 768w, http:\/\/www.cevenat.fr\/wp-content\/uploads\/2020\/02\/CicaETI-1024x519.jpg 1024w, http:\/\/www.cevenat.fr\/wp-content\/uploads\/2020\/02\/CicaETI.jpg 1096w\" sizes=\"auto, (max-width: 395px) 85vw, 395px\" \/><br \/><\/strong><\/p>\n<p><strong>1 Formule :<\/strong><\/p>\n<p><strong>Huiles essentielles\u00a0:<\/strong><br \/><span style=\"color: #339966;\">Cypr\u00e8s, rameaux, Bio<\/span><br \/><span style=\"color: #339966;\">Lentisque<\/span><br \/><span style=\"color: #339966;\">Niaouli, Bio<\/span><br \/><span style=\"color: #339966;\">Lavande maillette, Bio<\/span><br \/><span style=\"color: #339966;\">G\u00e9ranium, Bourbon, Bio<\/span><br \/><span style=\"color: #339966;\">Camomille Bleue du Maroc, Bio<img loading=\"lazy\" decoding=\"async\" class=\" wp-image-675 alignright\" src=\"http:\/\/www.cevenat.fr\/wp-content\/uploads\/2020\/02\/Cicaimg-131x300.jpg\" alt=\"\" width=\"195\" height=\"447\" srcset=\"http:\/\/www.cevenat.fr\/wp-content\/uploads\/2020\/02\/Cicaimg-131x300.jpg 131w, http:\/\/www.cevenat.fr\/wp-content\/uploads\/2020\/02\/Cicaimg.jpg 378w\" sizes=\"auto, (max-width: 195px) 85vw, 195px\" \/><\/span><br \/><span style=\"color: #339966;\">Bois de Santal<\/span><\/p>\n<p><strong>Huile v\u00e9g\u00e9tales\u00a0:<\/strong><br \/><span style=\"color: #993300;\">Huile de Jojoba Bio<\/span><\/p>\n<p>2 L&rsquo;utilisation normale et raisonnablement pr\u00e9visible<\/p>\n<p>Utilisation en \u00e9talant doucement sur les parties du corps que l&rsquo;on d\u00e9sire traiter<strong>.<br \/><\/strong><\/p>\n<p><strong>3 L&rsquo;exposition au produit cosm\u00e9tique<\/strong><\/p>\n<p>Produit non rinc\u00e9<\/p>\n<p>Application : les parties du corps n\u00e9cessitant un traitement.<\/p>\n<p>Quantit\u00e9 du produit appliqu\u00e9 : en moyenne entre 0,25 et 0,50 ml par application.<\/p>\n<p>Dur\u00e9e et fr\u00e9quence\u00a0 d&rsquo;utilisation : utilisation ponctuelle, selon le besoin.\u00a0<\/p>\n<p>Exposition normale : le corps<\/p>\n<p>Populations vis\u00e9es\u00a0: <strong>adultes<\/strong><\/p>\n<p><strong>4 L&rsquo;Exposition aux substances<\/strong><\/p>\n<p>Effets toxicologiques\u00a0: tr\u00e8s faible pr\u00e9sence d&rsquo;allerg\u00e8nes naturellement pr\u00e9sent dans les huiles essentielles.Huiles v\u00e9g\u00e9tales biologiques et de qualit\u00e9 alimentaire sans dangers.<\/p>\n<p><strong><a href=\"http:\/\/www.cevenat.fr\/index.php\/massage\/\" target=\"_blank\" rel=\"noopener noreferrer\">Retour page massages<\/a><\/strong><\/p>\n","protected":false},"excerpt":{"rendered":"<p>Retour page massagesCica Massage 1 Formule : Huiles essentielles\u00a0:Cypr\u00e8s, rameaux, BioLentisqueNiaouli, BioLavande maillette, BioG\u00e9ranium, Bourbon, BioCamomille Bleue du Maroc, BioBois de Santal Huile v\u00e9g\u00e9tales\u00a0:Huile de Jojoba Bio 2 L&rsquo;utilisation normale et raisonnablement pr\u00e9visible Utilisation en \u00e9talant doucement sur les parties du corps que l&rsquo;on d\u00e9sire traiter. 3 L&rsquo;exposition au produit cosm\u00e9tique Produit non rinc\u00e9 Application &hellip; <a href=\"http:\/\/www.cevenat.fr\/index.php\/cica\/\" class=\"more-link\">Continuer la lecture<span class=\"screen-reader-text\"> de &laquo;&nbsp;Cica&nbsp;&raquo;<\/span><\/a><\/p>\n","protected":false},"author":1,"featured_media":0,"parent":0,"menu_order":0,"comment_status":"closed","ping_status":"closed","template":"","meta":{"footnotes":""},"class_list":["post-672","page","type-page","status-publish","hentry"],"_links":{"self":[{"href":"http:\/\/www.cevenat.fr\/index.php\/wp-json\/wp\/v2\/pages\/672","targetHints":{"allow":["GET"]}}],"collection":[{"href":"http:\/\/www.cevenat.fr\/index.php\/wp-json\/wp\/v2\/pages"}],"about":[{"href":"http:\/\/www.cevenat.fr\/index.php\/wp-json\/wp\/v2\/types\/page"}],"author":[{"embeddable":true,"href":"http:\/\/www.cevenat.fr\/index.php\/wp-json\/wp\/v2\/users\/1"}],"replies":[{"embeddable":true,"href":"http:\/\/www.cevenat.fr\/index.php\/wp-json\/wp\/v2\/comments?post=672"}],"version-history":[{"count":4,"href":"http:\/\/www.cevenat.fr\/index.php\/wp-json\/wp\/v2\/pages\/672\/revisions"}],"predecessor-version":[{"id":693,"href":"http:\/\/www.cevenat.fr\/index.php\/wp-json\/wp\/v2\/pages\/672\/revisions\/693"}],"wp:attachment":[{"href":"http:\/\/www.cevenat.fr\/index.php\/wp-json\/wp\/v2\/media?parent=672"}],"curies":[{"name":"wp","href":"https:\/\/api.w.org\/{rel}","templated":true}]}}