{"id":58,"date":"2016-10-07T11:42:44","date_gmt":"2016-10-07T09:42:44","guid":{"rendered":"http:\/\/cevenat.com\/?page_id=58"},"modified":"2023-12-31T19:01:37","modified_gmt":"2023-12-31T18:01:37","slug":"planning","status":"publish","type":"page","link":"http:\/\/www.cevenat.fr\/index.php\/planning\/","title":{"rendered":"Planning des stages"},"content":{"rendered":"<p><span style=\"color: #ccffff;\"><strong>lanning 2023:<br \/>\n<\/strong><\/span><\/p>\n<p><span style=\"font-size: 18pt; color: #ccffff;\"><strong>1\/ Stage d&rsquo;initiation:<\/strong><\/span><\/p>\n<p><span style=\"color: #ccffff;\"><strong>D\u00e9roulement typique des stages :<\/strong><\/span><\/p>\n<p><span style=\"color: #ccffff;\">(le programme s&rsquo;adapte aux stagiaires\/conditions m\u00e9t\u00e9o)<\/span><\/p>\n<p><span style=\"color: #ccffff;\"><strong>Premier jour:<\/strong><\/span><\/p>\n<p><span style=\"color: #ccffff;\">9 h 30: arriv\u00e9e et accueil \u00e0 La Castagnade.<\/span><br \/>\n<span style=\"color: #ccffff;\">Pr\u00e9sentation de Cevenat.<\/span><br \/>\n<span style=\"color: #ccffff;\">Les huiles essentielles: premi\u00e8res notions.<\/span><br \/>\n<span style=\"color: #ccffff;\">D\u00e9couverte du milieu naturel autour du Pompidou, petite cueillette.<\/span><br \/>\n<span style=\"color: #ccffff;\">12 h: repas (chacun am\u00e8ne son pique nique)<\/span><br \/>\n<span style=\"color: #ccffff;\">13h30 h: histoire et les techniques de distillation des huiles essentielles.<\/span><br \/>\n<span style=\"color: #ccffff;\">Distillation des plantes cueillies<\/span><br \/>\n<span style=\"color: #ccffff;\">initiation \u00e0 l&rsquo;aromath\u00e9rapie et d\u00e9couverte de quelques huiles essentielles<\/span><br \/>\n<span style=\"color: #ccffff;\">petite pharmacie de maison, se soigner par les huiles essentielles<\/span><br \/>\n<span style=\"color: #ccffff;\">17.00 h : fin de la premi\u00e8re journ\u00e9e<\/span><\/p>\n<p><span style=\"color: #ccffff;\"><strong>Deuxi\u00e8me jour:<\/strong><\/span><\/p>\n<p><span style=\"color: #ccffff;\">9.30 h: \u00c9tude approfondie de quelques huiles essentielles<\/span><br \/>\n<span style=\"color: #ccffff;\">12h: repas (chacun am\u00e8ne son pique nique)<\/span><br \/>\n<span style=\"color: #ccffff;\">13h30 : Le probl\u00e8me de la qualit\u00e9 des huiles essentielles. Les huiles essentielles : listes d&rsquo;usage (par th\u00e8me)<\/span><br \/>\n<span style=\"color: #ccffff;\">Pharmacie de maison<\/span><br \/>\n<span style=\"color: #ccffff;\">Formulations d&rsquo;huiles essentielles : usage en huile de massage, pr\u00e9parations, contre-indications<\/span><br \/>\n<span style=\"color: #ccffff;\">Exemples de la cr\u00e9ation d&rsquo;huiles de massages personnalis\u00e9es, pr\u00e9paration cours pratique.<\/span><br \/>\n<span style=\"color: #ccffff;\">17.00 h : fin de la deuxi\u00e8me journ\u00e9e<\/span><\/p>\n<p><span style=\"color: #ccffff;\"><strong>Troisi\u00e8me jour :<\/strong><\/span><\/p>\n<p><span style=\"color: #ccffff;\">9h30 h: Cours pratique: cr\u00e9ation personnelle d&rsquo;huiles de massage.<\/span><br \/>\n<span style=\"color: #ccffff;\">12h: repas (chacun am\u00e8ne son pique nique)<\/span><br \/>\n<span style=\"color: #ccffff;\">13h30: Place aux questions , conclusion du stage.<\/span><br \/>\n<span style=\"color: #ccffff;\">16h: Fin du stage, possibilit\u00e9 de poser des questions personnelles, achats sur place&#8230;<\/span><\/p>\n<p><span style=\"color: #ccffff;\"><strong>Modalit\u00e9s des stages :<br \/>\n<\/strong>Inclus dans ce stage: cours \u00e9crit , 4 huiles de massage personnalis\u00e9es , l&rsquo;h\u00e9bergement et les repas sont \u00e0 la charge des participants. Possibilit\u00e9 de prendre votre pique nique \u00e0 La Castagnade.<br \/>\n<strong>Prix : 180 euros par personne<\/strong>, cours \u00e9crit et quelques huiles de massage cr\u00e9\u00e9es durant le cours pratique inclus.<br \/>\n<\/span><\/p>\n<p><span style=\"color: #ccffff;\"><strong>N&rsquo;oubliez pas:<\/strong><\/span><\/p>\n<p><span style=\"color: #ccffff;\">Mat\u00e9riel personnel: carnet ou cahier pour la prise de notes.<\/span><\/p>\n<p><span style=\"color: #ccffff;\">Sachez que le Pompidou se situe \u00e0 800 m d&rsquo;altitude et que les temp\u00e9ratures estivales ne commencent vraiment \u00e0 percer que vers mi-mai&#8230;<\/span><\/p>\n<p><span style=\"color: #ccffff;\"><strong>Inscriptions:<\/strong><\/span><\/p>\n<p><span style=\"color: #ccffff;\">Par mail, t\u00e9l\u00e9phone ou courrier puis confirmer par lettre, en envoyant des arrhes de 50 euros, au moins trois semaines avant la date du stage choisi. L&rsquo;avance sera restitu\u00e9 dans le cas d&rsquo;annulation du stage par Cevenat.<\/span><\/p>\n<p><span style=\"color: #ccffff;\">Minimum de personnes n\u00e9cessaire: 8 , maximum 20 personnes.<\/span><\/p>\n<p><span style=\"color: #ccffff;\">(Infos sur les possibilit\u00e9s d&rsquo;h\u00e9bergement, regarder en bas de la page&#8230;)<\/span><\/p>\n<p><span style=\"color: #ccffff; font-size: 18pt;\"><strong>2\/ Stage avanc\u00e9:<\/strong><\/span><\/p>\n<p><span style=\"color: #ccffff;\">(r\u00e9serv\u00e9s \u00e0 des anciens stagiaires ou personnes ayant d\u00e9j\u00e0 suivies des cours d&rsquo;herboriste, d&rsquo;aromath\u00e9rapie&#8230;)<br \/>\n<\/span><\/p>\n<p><span style=\"color: #ccffff;\"><strong>D\u00e9roulement:<\/strong><\/span><\/p>\n<p><span style=\"color: #ccffff;\">Th\u00e8me + Cours pratique : cr\u00e9ation d&rsquo;une synergie d&rsquo;huiles essentielles.<\/span><\/p>\n<p><span style=\"color: #ccffff;\"><strong>Th\u00e8mes suivants:<\/strong><\/span><\/p>\n<p><span style=\"color: #ccffff;\">-Les huiles essentielles et le stress, angoisses, probl\u00e8mes de sommeil.<\/span><br \/>\n<span style=\"color: #ccffff;\">-Les huiles essentielles et les soins de la peau.<\/span><br \/>\n<span style=\"color: #ccffff;\">-Les huiles essentielles et la f\u00e9minit\u00e9.<\/span><br \/>\n<span style=\"color: #ccffff;\">-Les huiles essentielles anti-douleurs<\/span><br \/>\n<span style=\"color: #ccffff;\">-Les huiles essentielles et l&rsquo;immunit\u00e9, les probl\u00e8mes respiratoires&#8230;<\/span><br \/>\n<span style=\"color: #ccffff;\">-Relation ch\u00e9motypes\/action des huiles essentielles, \u00e9tude approfondie:<\/span><\/p>\n<p><span style=\"color: #ccffff;\">(Les huiles essentielles et la relation avec leur composition chimique, approche d\u00e9taill\u00e9e, \u00e9tude des analyses, l\u00e9gislation, \u00e9tablissement des Fiches Techniques, Fiches de s\u00e9curit\u00e9, d\u00e9termination de la qualit\u00e9 des huiles essentielles)<\/span><\/p>\n<p><span style=\"color: #ccffff;\">matin : (de 9.30 \u00e0 12h) Th\u00e8me + cours pratique<\/span><\/p>\n<p><span style=\"color: #ccffff;\">apr\u00e8s-midi : (de 13h30h \u00e0 17 h) Th\u00e8me + cours pratique<\/span><\/p>\n<p><span style=\"color: #ccffff;\">Vendredi: fin du cours \u00e0 16 h<\/span><\/p>\n<p><span style=\"color: #ccffff;\"><strong>Prix : 200 euros par personne<\/strong>, cours \u00e9crit et \u00e9chantillons des synergies cr\u00e9\u00e9es durant les cours pratiques inclus.<\/span><\/p>\n<p><span style=\"color: #ccffff;\">H\u00e9bergement et repas non inclus: voir d\u00e9tails stage&#8230;<\/span><\/p>\n<p><span style=\"color: #ccffff;\"><strong>D\u00e9tails stage:<\/strong><\/span><\/p>\n<p><span style=\"color: #ccffff;\">Les stages auront lieu \u00e0 La Castagnade au Pompidou.<\/span><\/p>\n<p><span style=\"color: #ccffff;\"><strong>Inscriptions<\/strong><\/span><\/p>\n<p><span style=\"color: #ccffff;\">Par \u00e9mail, t\u00e9l\u00e9phone ou courrier puis confirmer par lettre, en envoyant des arrhes de 50 euros, au moins trois semaines avant la date du stage choisi. L&rsquo;avance sera restitu\u00e9e dans le cas d&rsquo;annulation du stage par Cevenat. Minimum de personnes n\u00e9cessaire: 8 , maximum 15 personnes.<\/span><\/p>\n<p><span style=\"color: #ccffff;\">Sachez que nous donnons aussi des stages en n\u00e9erlandais selon la demande ou d&rsquo;autres stages priv\u00e9 (minimum 8 personnes), cette ann\u00e9e par exemple \u00e0 un groupe de coiffeurs.<\/span><\/p>\n<p><span style=\"color: #ccffff;\">Des stages en anglais ou en allemand sont aussi envisageables. Des stages avec d&rsquo;autres modalit\u00e9s peuvent \u00eatre n\u00e9goci\u00e9s avec nous , pourvu qu&rsquo;il s&rsquo;agisse des souhaits d&rsquo;un groupe d&rsquo;au moins 8 personnes.<\/span><\/p>\n<p><span style=\"color: #ccffff;\">Si vous d\u00e9sirez un autre de type de stage avanc\u00e9 (p.ex cibl\u00e9 sur la distillation : nous contacter)<\/span><\/p>\n<p><span style=\"color: #ccffff;\"><strong>H\u00e9bergement au Pompidou : nous consulter.<\/strong><\/span><\/p>\n<p><span style=\"color: #ccffff;\">(possibilit\u00e9 d&rsquo;auberge, g\u00eete, chambre d&rsquo;h\u00f4te, camping municipal \u00e0 50 m&#8230;)<\/span><\/p>\n<p><span style=\"color: #ccffff;\"><strong>Chambre d&rsquo;h\u00f4te<\/strong> (\u00e0 500 m): Jean-Marie Causse ( tel 04 66 60 31 82):<\/span><\/p>\n<p><span style=\"color: #ccffff;\">http:\/\/www.cevennes.com\/jmcausse.htm<\/span><\/p>\n<p><span style=\"color: #ccffff;\"><strong>St Roman de Tousque: (<\/strong>\u00e0 15 minutes en voiture, vue imprenable): auberge la patache: tel 04 66 44 73 76<\/span><\/p>\n<p><span style=\"color: #ccffff;\"><strong>St Andr\u00e9 de Valborgne<\/strong> (Un peu plus loin en bas de la vall\u00e9e:) (environs 8 km du Pompidou)<\/span><\/p>\n<p><span style=\"color: #ccffff;\">H\u00f4tel bourgade: tel 04 66 56 69 32<\/span><\/p>\n<p><span style=\"color: #ccffff;\">Entre Le Pompidou et St Andr\u00e9 de Valborgne: <strong>G\u00eetes de Gardoussel<\/strong><\/span><\/p>\n<p><span style=\"color: #ccffff;\">(Centre Ayurv\u00e9dique): www.gardoussel.com<\/span><\/p>\n<p><span style=\"color: #ccffff;\">Tel 04 66 60 16 78<\/span><\/p>\n<p><span style=\"color: #ccffff;\">\u00a0<\/span><\/p>\n","protected":false},"excerpt":{"rendered":"<p>lanning 2023: 1\/ Stage d&rsquo;initiation: D\u00e9roulement typique des stages : (le programme s&rsquo;adapte aux stagiaires\/conditions m\u00e9t\u00e9o) Premier jour: 9 h 30: arriv\u00e9e et accueil \u00e0 La Castagnade. Pr\u00e9sentation de Cevenat. Les huiles essentielles: premi\u00e8res notions. D\u00e9couverte du milieu naturel autour du Pompidou, petite cueillette. 12 h: repas (chacun am\u00e8ne son pique nique) 13h30 h: histoire &hellip; <a href=\"http:\/\/www.cevenat.fr\/index.php\/planning\/\" class=\"more-link\">Continuer la lecture<span class=\"screen-reader-text\"> de &laquo;&nbsp;Planning des stages&nbsp;&raquo;<\/span><\/a><\/p>\n","protected":false},"author":1,"featured_media":0,"parent":0,"menu_order":0,"comment_status":"closed","ping_status":"closed","template":"","meta":{"footnotes":""},"class_list":["post-58","page","type-page","status-publish","hentry"],"_links":{"self":[{"href":"http:\/\/www.cevenat.fr\/index.php\/wp-json\/wp\/v2\/pages\/58","targetHints":{"allow":["GET"]}}],"collection":[{"href":"http:\/\/www.cevenat.fr\/index.php\/wp-json\/wp\/v2\/pages"}],"about":[{"href":"http:\/\/www.cevenat.fr\/index.php\/wp-json\/wp\/v2\/types\/page"}],"author":[{"embeddable":true,"href":"http:\/\/www.cevenat.fr\/index.php\/wp-json\/wp\/v2\/users\/1"}],"replies":[{"embeddable":true,"href":"http:\/\/www.cevenat.fr\/index.php\/wp-json\/wp\/v2\/comments?post=58"}],"version-history":[{"count":28,"href":"http:\/\/www.cevenat.fr\/index.php\/wp-json\/wp\/v2\/pages\/58\/revisions"}],"predecessor-version":[{"id":1113,"href":"http:\/\/www.cevenat.fr\/index.php\/wp-json\/wp\/v2\/pages\/58\/revisions\/1113"}],"wp:attachment":[{"href":"http:\/\/www.cevenat.fr\/index.php\/wp-json\/wp\/v2\/media?parent=58"}],"curies":[{"name":"wp","href":"https:\/\/api.w.org\/{rel}","templated":true}]}}