{"id":46,"date":"2016-10-07T11:34:42","date_gmt":"2016-10-07T09:34:42","guid":{"rendered":"http:\/\/cevenat.com\/?page_id=46"},"modified":"2016-10-19T20:53:11","modified_gmt":"2016-10-19T18:53:11","slug":"allergenes","status":"publish","type":"page","link":"http:\/\/www.cevenat.fr\/index.php\/allergenes\/","title":{"rendered":"Allerg\u00e8nes"},"content":{"rendered":"<p><strong><u>Les allerg\u00e8nes dans les huiles essentielles<\/u><\/strong><u><\/u><\/p>\n<p>Les huiles essentielles sont des produits obtenus par distillation par vapeur d&rsquo;eau ou par pression des zestes d&rsquo;agr\u00fbmes. Se sont des produits complexes, comme d\u00e9montrent les analyses effectu\u00e9es par chromatographie \u00e0 phaze gazeuse.<\/p>\n<p>La<a href=\"http:\/\/fr.wikipedia.org\/wiki\/Enregistrement,_%C3%A9valuation_et_autorisation_des_produits_chimiques\"> l\u00e9gislation Europ\u00e9enne<\/a> \u00e0 mis depuis un certain temps les huiles essentielles au m\u00eame niveau que certains produits chimiques et oblige les transformateurs \u00e0 mentionner la pr\u00e9sence de ce qu&rsquo;on appelle \u00ab\u00a0les allerg\u00e8nes\u00a0\u00bb<u><br \/>\n<\/u>Les parfums sont aussi concern\u00e9es, \u00e9tant donn\u00e9 que les fabricants de parfums utilisent \u00e9norm\u00e9ment de produits chimiques dont plusieurs peuvent donner des r\u00e9actions allergiques.<\/p>\n<p>&nbsp;<\/p>\n<p>Lorsque nous vendons des huiles essentielles \u00e0 des professionnels qui les transforment en cosm\u00e9tiques nous sommes oblig\u00e9s de fournir des fiches techniques de chaque huile essentielle, puis aussi des listes des allerg\u00e8nes pr\u00e9sent (certificat d&rsquo;allerg\u00e8nes).<br \/>\n<u><br \/>\n<strong>Voici la liste officielle des allerg\u00e8nes:<\/strong><strong><br \/>\n<\/strong><\/u><\/p>\n<p>&nbsp;<\/p>\n<p><strong>Amylcinnamyl Alcohol \u00a0 \u00a0 \u00a0 \u00a0 \u00a0 \u00a0 \u00a0 \u00a0 \u00a0 \u00a0 \u00a0 \u00a0 \u00a0 \u00a0 \u00a0 \u00a0 \u00a0 \u00a0 \u00a0 \u00a0Origine non naturelle<\/strong><br \/>\nAnise Alcohol<br \/>\nBenzyl Alcohol<br \/>\nBenzyl Benzoate<br \/>\nBenzyl cinnamate<br \/>\nBenzyl Salicilate<br \/>\nCinnamym Alcohol<br \/>\nCinnamal (Cinnamaldehyde)<br \/>\nCitral (Geranial+neral)<br \/>\nCitronellol<br \/>\nCoumarin<br \/>\nEugenol<br \/>\nFarnesol<br \/>\n<strong>Alpha-Isomethyl Ionone \u00a0 \u00a0 \u00a0 \u00a0 \u00a0 \u00a0 \u00a0 \u00a0 \u00a0 \u00a0 \u00a0 \u00a0 \u00a0 \u00a0 \u00a0 \u00a0 \u00a0 \u00a0 \u00a0Origine non naturelle<\/strong><br \/>\nGeraniol 106-24-1<br \/>\n<strong>Hexyl Cinnamal \u00a0 \u00a0 \u00a0 \u00a0 \u00a0 \u00a0 \u00a0 \u00a0 \u00a0 \u00a0 \u00a0 \u00a0 \u00a0 \u00a0 \u00a0 \u00a0 \u00a0 \u00a0 \u00a0 \u00a0 \u00a0 \u00a0 \u00a0 \u00a0 \u00a0 Origine non naturelle<\/strong><br \/>\n<strong>Hydroxycitronellal \u00a0 \u00a0 \u00a0 \u00a0 \u00a0 \u00a0 \u00a0 \u00a0 \u00a0 \u00a0 \u00a0 \u00a0 \u00a0 \u00a0 \u00a0 \u00a0 \u00a0 \u00a0 \u00a0 \u00a0 \u00a0 \u00a0 \u00a0 Origine non naturelle<\/strong><br \/>\n<strong>Hydroxyisohexyl-3-cyclohexene<br \/>\ncarboxaldehyde (Lyral) \u00a0 \u00a0 \u00a0 \u00a0 \u00a0 \u00a0 \u00a0 \u00a0 \u00a0 \u00a0 \u00a0 \u00a0 \u00a0 \u00a0 \u00a0 \u00a0 \u00a0 \u00a0 \u00a0 \u00a0Origine non naturelle<\/strong><br \/>\nIsoeugenol<br \/>\nLimonene<br \/>\nLinalol<br \/>\n<strong>Butylphenyl Methylpropional (Lilial) \u00a0 \u00a0 \u00a0 \u00a0 \u00a0 \u00a0 \u00a0 \u00a0 \u00a0Origine non naturelle<br \/>\nMethyl 2-Octynoate \u00a0 \u00a0 \u00a0 \u00a0 \u00a0 \u00a0 \u00a0 \u00a0 \u00a0 \u00a0 \u00a0 \u00a0 \u00a0 \u00a0 \u00a0 \u00a0 \u00a0 \u00a0 \u00a0 \u00a0 \u00a0 \u00a0 Origine non naturelle<\/strong><br \/>\n<strong>Oakmoss<br \/>\nTreemoss \u00a0<\/strong><\/p>\n<p>&nbsp;<\/p>\n<p>Vous voyez imm\u00e9diatement que 7 produits ne sont pas d&rsquo;origine naturelle, vous ne les retrouverez donc JAMAIS dans nos produits finis, puisque nous refusons de les employer.<br \/>\nEnsuite viennent deux produits obtenus par extrait par solvents: oakmoss et treemoss que nous n&rsquo;utilisons JAMAIS non plus, puisque nous refusons de travailler avec des extraits par solvents, \u00e9tant donn\u00e9 que des restes de solvents peuvent se trouver dans ces produits.<br \/>\nCe qui vous concerne donc, cher client\/partenaire de <strong>Cevenat sarl<\/strong> sont les produits restants que nous retrouvons dans pratiquement tous les huiles essentielles.<\/p>\n<p><u><strong>Quelques notions importantes:<\/strong><\/u><br \/>\n-la pr\u00e9sence des allerg\u00e8nes ne suffit pas pour provoquer des allergies, mais est important si l&rsquo;on est d\u00e9j\u00e0 allergique<br \/>\n(origines h\u00e9riditaires ou suite \u00e0 des r\u00e9actions aux parfums)<\/p>\n<p>-m\u00eame si vous \u00eates sensible il reste la notion de dose:<br \/>\nLa l\u00e9gislation Europ\u00e9enne impose de mentionner la pr\u00e9sence d&rsquo;allerg\u00e8nes dans des produits:<br \/>\n\u00ab\u00a0rincables\u00a0\u00bb (produits douche, cheveux&#8230;) d\u00e8s la pr\u00e9sence de 0,01%, puis dans les produits non rinc\u00e9s (huile de massage, cr\u00eames, cirats, savons etc.. d\u00e8s la pr\u00e9sence de 0,001%.<\/p>\n<p><strong>Concr\u00e8tement:<\/strong><br \/>\nImaginons une huile de massage avec <strong>1% d&rsquo;HE<\/strong> de Menthe Poivr\u00e9e Mitcham.<br \/>\nSi vous regardez la fiche technique de notre Menthe Poivr\u00e9e Mitcham Bio\u00a0(pour visualiser: inscription pr\u00e9alable n\u00e9cessaire) vous voyez deux\u00a0allerg\u00e8nes concern\u00e9es: <strong>Limon\u00e8ne: 2,27%,<\/strong> <strong>Linalol (0,15%)<\/strong> <em>(Lot AR1006101)<\/em><br \/>\nLe calcul nous donne donc :<br \/>\nLimon\u00e8ne: 2,27*1\/100=0,0227 % de pr\u00e9sence dans l&rsquo;huile de massage<\/p>\n<p>Linalol: 0,15*1\/100=0,0015 % de pr\u00e9sence dans l&rsquo;huile de massage<br \/>\nIl faut donc mentionner la pr\u00e9sence de limon\u00e8ne et de linalol dans les produits non rinc\u00e9s, mais il n&rsquo;est pas n\u00e9cessaire de mentionner le linalol pour des produits rinc\u00e9s.<\/p>\n<p>Nous avons des amis (petits producteurs) qui rajoutent simplement sur leurs \u00e9tiquettes de cosm\u00e9tiques: contient du linalol, citronellol&#8230; ce qui provoque parfois les r\u00e9actions des consommateurs : je ne l&rsquo;ach\u00e8te pas, ils ajoutent des produits chimiques! Ceci est donc une conclusion h\u00e2tive!<\/p>\n<p><strong>Existent-ils des huiles essentielles sans allerg\u00e8nes?<\/strong><br \/>\nOui, mais cela ne veut pas forc\u00e9ment dire qu&rsquo;elle sont inoffensives, car elles peuvent poss\u00e9der d&rsquo;autres mol\u00e9cules irritantes (mal utilis\u00e9: pur ou dose tr\u00f4p concentr\u00e9), comme par exemple la Gaulth\u00e9rie.<br \/>\nLe bois de c\u00e8dre, bois de santal (sauf sant. spicata), bois de siam, patchouli, bois de c\u00e8dre distill\u00e9 sont quelques exemples rares d&rsquo;huiles essentielles sans allerg\u00e8nes.<br \/>\nIl faudra se mettre \u00e0 l&rsquo;\u00e9vidence que, dans une proportion de 1 \u00e0 4% d&rsquo;HE dans une huile de massage on aura pratiquement toujours des allerg\u00e8nes pr\u00e9sent \u00e0 plus de 0,001%.<\/p>\n","protected":false},"excerpt":{"rendered":"<p>Les allerg\u00e8nes dans les huiles essentielles Les huiles essentielles sont des produits obtenus par distillation par vapeur d&rsquo;eau ou par pression des zestes d&rsquo;agr\u00fbmes. Se sont des produits complexes, comme d\u00e9montrent les analyses effectu\u00e9es par chromatographie \u00e0 phaze gazeuse. La l\u00e9gislation Europ\u00e9enne \u00e0 mis depuis un certain temps les huiles essentielles au m\u00eame niveau que &hellip; <a href=\"http:\/\/www.cevenat.fr\/index.php\/allergenes\/\" class=\"more-link\">Continuer la lecture<span class=\"screen-reader-text\"> de &laquo;&nbsp;Allerg\u00e8nes&nbsp;&raquo;<\/span><\/a><\/p>\n","protected":false},"author":1,"featured_media":0,"parent":0,"menu_order":0,"comment_status":"closed","ping_status":"closed","template":"","meta":{"footnotes":""},"class_list":["post-46","page","type-page","status-publish","hentry"],"_links":{"self":[{"href":"http:\/\/www.cevenat.fr\/index.php\/wp-json\/wp\/v2\/pages\/46","targetHints":{"allow":["GET"]}}],"collection":[{"href":"http:\/\/www.cevenat.fr\/index.php\/wp-json\/wp\/v2\/pages"}],"about":[{"href":"http:\/\/www.cevenat.fr\/index.php\/wp-json\/wp\/v2\/types\/page"}],"author":[{"embeddable":true,"href":"http:\/\/www.cevenat.fr\/index.php\/wp-json\/wp\/v2\/users\/1"}],"replies":[{"embeddable":true,"href":"http:\/\/www.cevenat.fr\/index.php\/wp-json\/wp\/v2\/comments?post=46"}],"version-history":[{"count":4,"href":"http:\/\/www.cevenat.fr\/index.php\/wp-json\/wp\/v2\/pages\/46\/revisions"}],"predecessor-version":[{"id":247,"href":"http:\/\/www.cevenat.fr\/index.php\/wp-json\/wp\/v2\/pages\/46\/revisions\/247"}],"wp:attachment":[{"href":"http:\/\/www.cevenat.fr\/index.php\/wp-json\/wp\/v2\/media?parent=46"}],"curies":[{"name":"wp","href":"https:\/\/api.w.org\/{rel}","templated":true}]}}