{"id":214,"date":"2016-10-10T16:42:43","date_gmt":"2016-10-10T14:42:43","guid":{"rendered":"http:\/\/cevenat.com\/?page_id=214"},"modified":"2019-01-21T13:57:14","modified_gmt":"2019-01-21T12:57:14","slug":"certification","status":"publish","type":"page","link":"http:\/\/www.cevenat.fr\/index.php\/certification\/","title":{"rendered":"Certification"},"content":{"rendered":"<p>Les certificats bio:<br \/>\nJ&rsquo;aimerai rappeler ici que seuls les produits d&rsquo;agriculture consid\u00e9r\u00e9s ALIMENTAIRES peuvent recevoir la certification AB, dont le logo \u00e0 chang\u00e9 avec le logo Europ\u00e9en. La l\u00e9gislation europ\u00e9enne ne permettais pas de certifier l&rsquo;hydrolat de bleuet, car son utilisation serait seulement cosm\u00e9tique, mais la l\u00e9gislation a heureusement \u00e9volu\u00e9, nous pr\u00e9senterons ce produit au prochain contr\u00f4le fin d\u00e9cembre 2016 pour qu&rsquo;il soit enfin pris en comte dans les certificats!<br \/>\nNous n&rsquo;adh\u00e9rons pas \u00e0 une certification bio cosm\u00e9tique.<br \/>\nDernier certificat, mis \u00e0 jour 18\/01\/2019, dernier contr\u00f4le fin 2018.<br \/>\nP\u00e9riode de validit\u00e9: du 27\/08\/2018 au 30\/11\/2019<br \/>\n<a href=\"http:\/\/www.cevenat.fr\/wp-content\/uploads\/2019\/01\/CER-OPT56245-C157874.pdf\">CER-OPT56245-C157874<\/a><\/p>\n","protected":false},"excerpt":{"rendered":"<p>Les certificats bio: J&rsquo;aimerai rappeler ici que seuls les produits d&rsquo;agriculture consid\u00e9r\u00e9s ALIMENTAIRES peuvent recevoir la certification AB, dont le logo \u00e0 chang\u00e9 avec le logo Europ\u00e9en. La l\u00e9gislation europ\u00e9enne ne permettais pas de certifier l&rsquo;hydrolat de bleuet, car son utilisation serait seulement cosm\u00e9tique, mais la l\u00e9gislation a heureusement \u00e9volu\u00e9, nous pr\u00e9senterons ce produit au &hellip; <a href=\"http:\/\/www.cevenat.fr\/index.php\/certification\/\" class=\"more-link\">Continuer la lecture<span class=\"screen-reader-text\"> de &laquo;&nbsp;Certification&nbsp;&raquo;<\/span><\/a><\/p>\n","protected":false},"author":1,"featured_media":0,"parent":0,"menu_order":0,"comment_status":"closed","ping_status":"closed","template":"","meta":{"footnotes":""},"class_list":["post-214","page","type-page","status-publish","hentry"],"_links":{"self":[{"href":"http:\/\/www.cevenat.fr\/index.php\/wp-json\/wp\/v2\/pages\/214","targetHints":{"allow":["GET"]}}],"collection":[{"href":"http:\/\/www.cevenat.fr\/index.php\/wp-json\/wp\/v2\/pages"}],"about":[{"href":"http:\/\/www.cevenat.fr\/index.php\/wp-json\/wp\/v2\/types\/page"}],"author":[{"embeddable":true,"href":"http:\/\/www.cevenat.fr\/index.php\/wp-json\/wp\/v2\/users\/1"}],"replies":[{"embeddable":true,"href":"http:\/\/www.cevenat.fr\/index.php\/wp-json\/wp\/v2\/comments?post=214"}],"version-history":[{"count":7,"href":"http:\/\/www.cevenat.fr\/index.php\/wp-json\/wp\/v2\/pages\/214\/revisions"}],"predecessor-version":[{"id":430,"href":"http:\/\/www.cevenat.fr\/index.php\/wp-json\/wp\/v2\/pages\/214\/revisions\/430"}],"wp:attachment":[{"href":"http:\/\/www.cevenat.fr\/index.php\/wp-json\/wp\/v2\/media?parent=214"}],"curies":[{"name":"wp","href":"https:\/\/api.w.org\/{rel}","templated":true}]}}